{"id":2728,"date":"2024-04-25T15:57:04","date_gmt":"2024-04-25T13:57:04","guid":{"rendered":"https:\/\/www.rmc-remacon.com\/pie-de-imprenta\/"},"modified":"2024-04-26T12:57:46","modified_gmt":"2024-04-26T10:57:46","slug":"pie-de-imprenta","status":"publish","type":"page","link":"https:\/\/www.rmc-remacon.com\/es\/pie-de-imprenta\/","title":{"rendered":"Pie de imprenta"},"content":{"rendered":"\n\t<div id=\"gap-1873730178\" class=\"gap-element clearfix\" style=\"display:block; height:auto;\">\n\t\t\n<style>\n#gap-1873730178 {\n  padding-top: 4em;\n}\n<\/style>\n\t<\/div>\n\t\n\n<div class=\"row\" style=\"max-width:900px\" id=\"row-1633786346\">\n\n\n\t<div id=\"col-64332852\" class=\"col small-12 large-12\"  >\n\t\t\t\t<div class=\"col-inner\"  >\n\t\t\t\n\t\t\t\n\n<h1>Pie de imprenta<\/h1>\n<h6>Informaci\u00f3n seg\u00fan \u00a7 5 TMG<\/h6>\n<p>RMC Remacon GmbH<br>Hugo-Herrmann-Str. 15  <br>79713 Bad S\u00e4ckingen<\/p>\n<p>Tel\u00e9fono: +49 (0)7761 939 930<br>info@rmc-remacon.com<\/p>\n<p>Tribunal de registro de Friburgo de Brisgovia HRB 630495<br>Director General: Tobias F\u00f6rster<\/p>\n<h2>N\u00famero de identificaci\u00f3n fiscal<\/h2>\n<p>N\u00famero de identificaci\u00f3n fiscal seg\u00fan el \u00a7 27 a de la ley del impuesto sobre las ventas:<br>DE142694223<\/p>\n<h2>Protecci\u00f3n de datos<span style=\"color: #555555;\"><span style=\"font-size: 14.4px;\"><br><\/span><\/span><\/h2>\n<p>Patrick Hausin<br>Tel\u00e9fono: +49 (0)7761 939 930<br>info@rmc-remacon.com<\/p>\n<h2>Resoluci\u00f3n de litigios en la UE<\/h2>\n<p>La Comisi\u00f3n Europea ofrece una plataforma para la resoluci\u00f3n de litigios en l\u00ednea (OS): <a href=\"https:\/\/ec.europa.eu\/consumers\/odr\" target=\"_blank\" rel=\"noopener noreferrer\">https:\/\/ec.europa.eu\/consumers\/odr<\/a>.<br>Puedes encontrar nuestra direcci\u00f3n de correo electr\u00f3nico en el aviso legal anterior.<\/p>\n<p> <\/p>\n<h2>Resoluci\u00f3n de litigios de consumo\/centro de arbitraje universal<\/h2>\n<p>No estamos dispuestos ni obligados a participar en procedimientos de resoluci\u00f3n de litigios ante una junta de arbitraje de consumo.<\/p>\n<h3>Responsabilidad por el contenido<\/h3>\n<p>Como proveedor de servicios, estamos obligados seg\u00fan \u00a7 7 p\u00e1rrafo 1 TMG es responsable de su propio contenido en estas p\u00e1ginas de acuerdo con las leyes generales. Sin embargo, seg\u00fan los \u00a7\u00a7 8 a 10 de la TMG, como proveedor de servicios no estamos obligados a controlar la informaci\u00f3n de terceros transmitida o almacenada, ni a investigar circunstancias que indiquen una actividad ilegal.<\/p>\n<p>Esto no afecta a las obligaciones de eliminar o bloquear el uso de informaci\u00f3n de acuerdo con la legislaci\u00f3n general. Sin embargo, la responsabilidad a este respecto s\u00f3lo es posible a partir del momento en que se tiene conocimiento de una infracci\u00f3n concreta. Tan pronto como tengamos conocimiento de tales infracciones, eliminaremos este contenido inmediatamente.<\/p>\n<h3>Responsabilidad de los enlaces<\/h3>\n<p>Nuestro sitio web contiene enlaces a sitios web externos de terceros sobre cuyo contenido no tenemos ninguna influencia. Por lo tanto, no podemos aceptar ninguna responsabilidad por este contenido de terceros. El respectivo proveedor u operador de las p\u00e1ginas es siempre responsable del contenido de las p\u00e1ginas enlazadas. Las p\u00e1ginas enlazadas se comprobaron para detectar posibles infracciones legales en el momento de enlazarlas. Los contenidos ilegales no eran reconocibles en el momento del enlace.<\/p>\n<p>Sin embargo, la vigilancia permanente del contenido de las p\u00e1ginas enlazadas no es razonable sin pruebas concretas de una infracci\u00f3n. Si tenemos conocimiento de alguna infracci\u00f3n legal, eliminaremos dichos enlaces inmediatamente.<\/p>\n<h3>Derechos de autor<\/h3>\n<p>El contenido y las obras creadas por los operadores del sitio en estas p\u00e1ginas est\u00e1n sujetos a la legislaci\u00f3n alemana sobre derechos de autor. La reproducci\u00f3n, edici\u00f3n, distribuci\u00f3n y cualquier tipo de utilizaci\u00f3n fuera de los l\u00edmites de la ley de derechos de autor requieren el consentimiento por escrito del autor o creador respectivo. Las descargas y copias de este sitio s\u00f3lo est\u00e1n permitidas para uso privado y no comercial.<\/p>\n<p>En la medida en que el contenido de este sitio no haya sido creado por el operador, se respetan los derechos de autor de terceros. En particular, los contenidos de terceros se etiquetan como tales. Si, a pesar de todo, tuvieras conocimiento de una infracci\u00f3n de los derechos de autor, te rogamos que nos lo comuniques. Si tenemos conocimiento de alguna infracci\u00f3n legal, eliminaremos dicho contenido inmediatamente.<\/p>\n<h2>Cr\u00e9ditos de las im\u00e1genes<\/h2>\n<p>Las fotos utilizadas en este sitio web han sido creadas por <a title=\"Agencia fotogr\u00e1fica de fotograf\u00eda, fotograf\u00eda digital, fotograf\u00eda de moda - Foto y Dise\u00f1o\" href=\"http:\/\/www.foto-und-design.com\/\" target=\"_blank\" rel=\"noopener noreferrer\">foto-und-design.com <\/a>, entre otros, por encargo de RMC Remacon. Las fotos est\u00e1n protegidas por derechos de autor y no pueden cederse.<\/p>\n<p>Se ha adquirido la correspondiente sublicencia intransferible para las im\u00e1genes utilizadas en este sitio web. Los datos del autor figuran en los <a title=\"Cr\u00e9ditos dedicados a la imagen\" href=\"\/cr\u00e9ditos de las im\u00e1genes\/\">cr\u00e9ditos dedicados a la imagen<\/a>.<\/p>\n<h2>Dise\u00f1o gr\u00e1fico y proveedor t\u00e9cnico<\/h2>\n<p>El dise\u00f1o gr\u00e1fico fue realizado por Kommunikation &amp; Design por encargo de RMC Remacon.<\/p>\n<p>URL <a title=\"Comunicaci\u00f3n y Dise\u00f1o - Agencia de publicidad en Baden-Wurtemberg, cerca de la frontera suiza\" href=\"http:\/\/www.kommunikation-design.de\/\" target=\"_blank\" rel=\"noopener noreferrer\">www.kommunikation-design.de<\/a><\/p>\n\n\t\t<\/div>\n\t\t\t\t\t<\/div>\n\n\t\n\n<\/div>\n\n","protected":false},"excerpt":{"rendered":"","protected":false},"author":8,"featured_media":0,"parent":0,"menu_order":0,"comment_status":"closed","ping_status":"open","template":"","meta":{"footnotes":""},"class_list":["post-2728","page","type-page","status-publish","hentry"],"yoast_head":"<!-- This site is optimized with the Yoast SEO plugin v27.5 - https:\/\/yoast.com\/product\/yoast-seo-wordpress\/ -->\n<title>Pie de imprenta - RMC Remacon GmbH<\/title>\n<meta name=\"description\" content=\"Tel\u00e9fono: +49 7761 \/ 939 939 Correo electr\u00f3nico: info@rmc-remacon.de\" \/>\n<meta name=\"robots\" content=\"index, follow, max-snippet:-1, max-image-preview:large, max-video-preview:-1\" \/>\n<link rel=\"canonical\" href=\"https:\/\/www.rmc-remacon.com\/es\/pie-de-imprenta\/\" \/>\n<meta property=\"og:locale\" content=\"es_ES\" \/>\n<meta property=\"og:type\" content=\"article\" \/>\n<meta property=\"og:title\" content=\"Pie de imprenta - RMC Remacon GmbH\" \/>\n<meta property=\"og:description\" content=\"Tel\u00e9fono: +49 7761 \/ 939 939 Correo electr\u00f3nico: info@rmc-remacon.de\" \/>\n<meta property=\"og:url\" content=\"https:\/\/www.rmc-remacon.com\/es\/pie-de-imprenta\/\" \/>\n<meta property=\"og:site_name\" content=\"RMC Remacon GmbH\" \/>\n<meta property=\"article:modified_time\" content=\"2024-04-26T10:57:46+00:00\" \/>\n<meta name=\"twitter:card\" content=\"summary_large_image\" \/>\n<meta name=\"twitter:label1\" content=\"Tiempo de lectura\" \/>\n\t<meta name=\"twitter:data1\" content=\"4 minutos\" \/>\n<script type=\"application\/ld+json\" class=\"yoast-schema-graph\">{\"@context\":\"https:\\\/\\\/schema.org\",\"@graph\":[{\"@type\":\"WebPage\",\"@id\":\"https:\\\/\\\/www.rmc-remacon.com\\\/es\\\/pie-de-imprenta\\\/\",\"url\":\"https:\\\/\\\/www.rmc-remacon.com\\\/es\\\/pie-de-imprenta\\\/\",\"name\":\"Pie de imprenta - RMC Remacon GmbH\",\"isPartOf\":{\"@id\":\"https:\\\/\\\/www.rmc-remacon.com\\\/es\\\/#website\"},\"datePublished\":\"2024-04-25T13:57:04+00:00\",\"dateModified\":\"2024-04-26T10:57:46+00:00\",\"description\":\"Tel\u00e9fono: +49 7761 \\\/ 939 939 Correo electr\u00f3nico: info@rmc-remacon.de\",\"breadcrumb\":{\"@id\":\"https:\\\/\\\/www.rmc-remacon.com\\\/es\\\/pie-de-imprenta\\\/#breadcrumb\"},\"inLanguage\":\"es\",\"potentialAction\":[{\"@type\":\"ReadAction\",\"target\":[\"https:\\\/\\\/www.rmc-remacon.com\\\/es\\\/pie-de-imprenta\\\/\"]}]},{\"@type\":\"BreadcrumbList\",\"@id\":\"https:\\\/\\\/www.rmc-remacon.com\\\/es\\\/pie-de-imprenta\\\/#breadcrumb\",\"itemListElement\":[{\"@type\":\"ListItem\",\"position\":1,\"name\":\"Home\",\"item\":\"https:\\\/\\\/www.rmc-remacon.com\\\/es\\\/\"},{\"@type\":\"ListItem\",\"position\":2,\"name\":\"Pie de imprenta\"}]},{\"@type\":\"WebSite\",\"@id\":\"https:\\\/\\\/www.rmc-remacon.com\\\/es\\\/#website\",\"url\":\"https:\\\/\\\/www.rmc-remacon.com\\\/es\\\/\",\"name\":\"RMC Remacon GmbH\",\"description\":\"RMC Remacon\",\"potentialAction\":[{\"@type\":\"SearchAction\",\"target\":{\"@type\":\"EntryPoint\",\"urlTemplate\":\"https:\\\/\\\/www.rmc-remacon.com\\\/es\\\/?s={search_term_string}\"},\"query-input\":{\"@type\":\"PropertyValueSpecification\",\"valueRequired\":true,\"valueName\":\"search_term_string\"}}],\"inLanguage\":\"es\"}]}<\/script>\n<!-- \/ Yoast SEO plugin. -->","yoast_head_json":{"title":"Pie de imprenta - RMC Remacon GmbH","description":"Tel\u00e9fono: +49 7761 \/ 939 939 Correo electr\u00f3nico: info@rmc-remacon.de","robots":{"index":"index","follow":"follow","max-snippet":"max-snippet:-1","max-image-preview":"max-image-preview:large","max-video-preview":"max-video-preview:-1"},"canonical":"https:\/\/www.rmc-remacon.com\/es\/pie-de-imprenta\/","og_locale":"es_ES","og_type":"article","og_title":"Pie de imprenta - RMC Remacon GmbH","og_description":"Tel\u00e9fono: +49 7761 \/ 939 939 Correo electr\u00f3nico: info@rmc-remacon.de","og_url":"https:\/\/www.rmc-remacon.com\/es\/pie-de-imprenta\/","og_site_name":"RMC Remacon GmbH","article_modified_time":"2024-04-26T10:57:46+00:00","twitter_card":"summary_large_image","twitter_misc":{"Tiempo de lectura":"4 minutos"},"schema":{"@context":"https:\/\/schema.org","@graph":[{"@type":"WebPage","@id":"https:\/\/www.rmc-remacon.com\/es\/pie-de-imprenta\/","url":"https:\/\/www.rmc-remacon.com\/es\/pie-de-imprenta\/","name":"Pie de imprenta - RMC Remacon GmbH","isPartOf":{"@id":"https:\/\/www.rmc-remacon.com\/es\/#website"},"datePublished":"2024-04-25T13:57:04+00:00","dateModified":"2024-04-26T10:57:46+00:00","description":"Tel\u00e9fono: +49 7761 \/ 939 939 Correo electr\u00f3nico: info@rmc-remacon.de","breadcrumb":{"@id":"https:\/\/www.rmc-remacon.com\/es\/pie-de-imprenta\/#breadcrumb"},"inLanguage":"es","potentialAction":[{"@type":"ReadAction","target":["https:\/\/www.rmc-remacon.com\/es\/pie-de-imprenta\/"]}]},{"@type":"BreadcrumbList","@id":"https:\/\/www.rmc-remacon.com\/es\/pie-de-imprenta\/#breadcrumb","itemListElement":[{"@type":"ListItem","position":1,"name":"Home","item":"https:\/\/www.rmc-remacon.com\/es\/"},{"@type":"ListItem","position":2,"name":"Pie de imprenta"}]},{"@type":"WebSite","@id":"https:\/\/www.rmc-remacon.com\/es\/#website","url":"https:\/\/www.rmc-remacon.com\/es\/","name":"RMC Remacon GmbH","description":"RMC Remacon","potentialAction":[{"@type":"SearchAction","target":{"@type":"EntryPoint","urlTemplate":"https:\/\/www.rmc-remacon.com\/es\/?s={search_term_string}"},"query-input":{"@type":"PropertyValueSpecification","valueRequired":true,"valueName":"search_term_string"}}],"inLanguage":"es"}]}},"_links":{"self":[{"href":"https:\/\/www.rmc-remacon.com\/es\/wp-json\/wp\/v2\/pages\/2728","targetHints":{"allow":["GET"]}}],"collection":[{"href":"https:\/\/www.rmc-remacon.com\/es\/wp-json\/wp\/v2\/pages"}],"about":[{"href":"https:\/\/www.rmc-remacon.com\/es\/wp-json\/wp\/v2\/types\/page"}],"author":[{"embeddable":true,"href":"https:\/\/www.rmc-remacon.com\/es\/wp-json\/wp\/v2\/users\/8"}],"replies":[{"embeddable":true,"href":"https:\/\/www.rmc-remacon.com\/es\/wp-json\/wp\/v2\/comments?post=2728"}],"version-history":[{"count":1,"href":"https:\/\/www.rmc-remacon.com\/es\/wp-json\/wp\/v2\/pages\/2728\/revisions"}],"predecessor-version":[{"id":2729,"href":"https:\/\/www.rmc-remacon.com\/es\/wp-json\/wp\/v2\/pages\/2728\/revisions\/2729"}],"wp:attachment":[{"href":"https:\/\/www.rmc-remacon.com\/es\/wp-json\/wp\/v2\/media?parent=2728"}],"curies":[{"name":"wp","href":"https:\/\/api.w.org\/{rel}","templated":true}]}}