{"id":2596,"date":"2024-04-24T14:47:59","date_gmt":"2024-04-24T12:47:59","guid":{"rendered":"https:\/\/www.rmc-remacon.com\/conditions-generales-de-vente\/"},"modified":"2024-04-25T10:35:47","modified_gmt":"2024-04-25T08:35:47","slug":"conditions-generales-de-vente","status":"publish","type":"page","link":"https:\/\/www.rmc-remacon.com\/fr\/conditions-generales-de-vente\/","title":{"rendered":"CONDITIONS G\u00c9N\u00c9RALES DE VENTE"},"content":{"rendered":"\n\t<div id=\"gap-1801810723\" class=\"gap-element clearfix\" style=\"display:block; height:auto;\">\n\t\t\n<style>\n#gap-1801810723 {\n  padding-top: 4em;\n}\n<\/style>\n\t<\/div>\n\t\n\n<div class=\"row\" style=\"max-width:900px\" id=\"row-251243025\">\n\n\n\t<div id=\"col-654297116\" class=\"col small-12 large-12\"  >\n\t\t\t\t<div class=\"col-inner\"  >\n\t\t\t\n\t\t\t\n\n<h1>Conditions g\u00e9n\u00e9rales de vente \u00e0 t\u00e9l\u00e9charger<\/h1>\n<a data-animate=\"fadeInUp\" href=\"https:\/\/www.rmc-remacon.com\/wp-content\/uploads\/2024\/01\/AGB_LZB-1.pdf\" target=\"_blank\" class=\"button primary\" rel=\"noopener\"  >\n\t\t<span>Conditions de livraison et de paiement<\/span>\n\t<i class=\"icon-angle-right\" aria-hidden=\"true\" ><\/i><\/a>\n\n\n<a data-animate=\"fadeInUp\" href=\"\/wp-content\/uploads\/2020\/05\/Einkaufs-und-Auftragsbedingungen.pdf\" target=\"_blank\" class=\"button primary\" rel=\"noopener\"  >\n\t\t<span>Conditions d'achat et de commande<\/span>\n\t<i class=\"icon-angle-right\" aria-hidden=\"true\" ><\/i><\/a>\n\n\n\n\t\t<\/div>\n\t\t\t\t\t<\/div>\n\n\t\n\n<\/div>\n\n\n\n<p><\/p>\n","protected":false},"excerpt":{"rendered":"","protected":false},"author":8,"featured_media":0,"parent":0,"menu_order":0,"comment_status":"closed","ping_status":"closed","template":"","meta":{"footnotes":""},"class_list":["post-2596","page","type-page","status-publish","hentry"],"yoast_head":"<!-- This site is optimized with the Yoast SEO plugin v27.5 - https:\/\/yoast.com\/product\/yoast-seo-wordpress\/ -->\n<title>Conditions g\u00e9n\u00e9rales de vente - RMC Remacon GmbH<\/title>\n<meta name=\"description\" content=\"Les conditions g\u00e9n\u00e9rales de RMC Remacon GmbH\" \/>\n<meta name=\"robots\" content=\"index, follow, max-snippet:-1, max-image-preview:large, max-video-preview:-1\" \/>\n<link rel=\"canonical\" href=\"https:\/\/www.rmc-remacon.com\/fr\/conditions-generales-de-vente\/\" \/>\n<meta property=\"og:locale\" content=\"fr_FR\" \/>\n<meta property=\"og:type\" content=\"article\" \/>\n<meta property=\"og:title\" content=\"Conditions g\u00e9n\u00e9rales de vente - RMC Remacon GmbH\" \/>\n<meta property=\"og:description\" content=\"Les conditions g\u00e9n\u00e9rales de RMC Remacon GmbH\" \/>\n<meta property=\"og:url\" content=\"https:\/\/www.rmc-remacon.com\/fr\/conditions-generales-de-vente\/\" \/>\n<meta property=\"og:site_name\" content=\"RMC Remacon GmbH\" \/>\n<meta property=\"article:modified_time\" content=\"2024-04-25T08:35:47+00:00\" \/>\n<meta name=\"twitter:card\" content=\"summary_large_image\" \/>\n<meta name=\"twitter:label1\" content=\"Dur\u00e9e de lecture estim\u00e9e\" \/>\n\t<meta name=\"twitter:data1\" content=\"1 minute\" \/>\n<script type=\"application\/ld+json\" class=\"yoast-schema-graph\">{\"@context\":\"https:\\\/\\\/schema.org\",\"@graph\":[{\"@type\":\"WebPage\",\"@id\":\"https:\\\/\\\/www.rmc-remacon.com\\\/fr\\\/conditions-generales-de-vente\\\/\",\"url\":\"https:\\\/\\\/www.rmc-remacon.com\\\/fr\\\/conditions-generales-de-vente\\\/\",\"name\":\"Conditions g\u00e9n\u00e9rales de vente - RMC Remacon GmbH\",\"isPartOf\":{\"@id\":\"https:\\\/\\\/www.rmc-remacon.com\\\/fr\\\/#website\"},\"datePublished\":\"2024-04-24T12:47:59+00:00\",\"dateModified\":\"2024-04-25T08:35:47+00:00\",\"description\":\"Les conditions g\u00e9n\u00e9rales de RMC Remacon GmbH\",\"breadcrumb\":{\"@id\":\"https:\\\/\\\/www.rmc-remacon.com\\\/fr\\\/conditions-generales-de-vente\\\/#breadcrumb\"},\"inLanguage\":\"fr-FR\",\"potentialAction\":[{\"@type\":\"ReadAction\",\"target\":[\"https:\\\/\\\/www.rmc-remacon.com\\\/fr\\\/conditions-generales-de-vente\\\/\"]}]},{\"@type\":\"BreadcrumbList\",\"@id\":\"https:\\\/\\\/www.rmc-remacon.com\\\/fr\\\/conditions-generales-de-vente\\\/#breadcrumb\",\"itemListElement\":[{\"@type\":\"ListItem\",\"position\":1,\"name\":\"Home\",\"item\":\"https:\\\/\\\/www.rmc-remacon.com\\\/fr\\\/\"},{\"@type\":\"ListItem\",\"position\":2,\"name\":\"CONDITIONS G\u00c9N\u00c9RALES DE VENTE\"}]},{\"@type\":\"WebSite\",\"@id\":\"https:\\\/\\\/www.rmc-remacon.com\\\/fr\\\/#website\",\"url\":\"https:\\\/\\\/www.rmc-remacon.com\\\/fr\\\/\",\"name\":\"RMC Remacon GmbH\",\"description\":\"RMC Remacon\",\"potentialAction\":[{\"@type\":\"SearchAction\",\"target\":{\"@type\":\"EntryPoint\",\"urlTemplate\":\"https:\\\/\\\/www.rmc-remacon.com\\\/fr\\\/?s={search_term_string}\"},\"query-input\":{\"@type\":\"PropertyValueSpecification\",\"valueRequired\":true,\"valueName\":\"search_term_string\"}}],\"inLanguage\":\"fr-FR\"}]}<\/script>\n<!-- \/ Yoast SEO plugin. -->","yoast_head_json":{"title":"Conditions g\u00e9n\u00e9rales de vente - RMC Remacon GmbH","description":"Les conditions g\u00e9n\u00e9rales de RMC Remacon GmbH","robots":{"index":"index","follow":"follow","max-snippet":"max-snippet:-1","max-image-preview":"max-image-preview:large","max-video-preview":"max-video-preview:-1"},"canonical":"https:\/\/www.rmc-remacon.com\/fr\/conditions-generales-de-vente\/","og_locale":"fr_FR","og_type":"article","og_title":"Conditions g\u00e9n\u00e9rales de vente - RMC Remacon GmbH","og_description":"Les conditions g\u00e9n\u00e9rales de RMC Remacon GmbH","og_url":"https:\/\/www.rmc-remacon.com\/fr\/conditions-generales-de-vente\/","og_site_name":"RMC Remacon GmbH","article_modified_time":"2024-04-25T08:35:47+00:00","twitter_card":"summary_large_image","twitter_misc":{"Dur\u00e9e de lecture estim\u00e9e":"1 minute"},"schema":{"@context":"https:\/\/schema.org","@graph":[{"@type":"WebPage","@id":"https:\/\/www.rmc-remacon.com\/fr\/conditions-generales-de-vente\/","url":"https:\/\/www.rmc-remacon.com\/fr\/conditions-generales-de-vente\/","name":"Conditions g\u00e9n\u00e9rales de vente - RMC Remacon GmbH","isPartOf":{"@id":"https:\/\/www.rmc-remacon.com\/fr\/#website"},"datePublished":"2024-04-24T12:47:59+00:00","dateModified":"2024-04-25T08:35:47+00:00","description":"Les conditions g\u00e9n\u00e9rales de RMC Remacon GmbH","breadcrumb":{"@id":"https:\/\/www.rmc-remacon.com\/fr\/conditions-generales-de-vente\/#breadcrumb"},"inLanguage":"fr-FR","potentialAction":[{"@type":"ReadAction","target":["https:\/\/www.rmc-remacon.com\/fr\/conditions-generales-de-vente\/"]}]},{"@type":"BreadcrumbList","@id":"https:\/\/www.rmc-remacon.com\/fr\/conditions-generales-de-vente\/#breadcrumb","itemListElement":[{"@type":"ListItem","position":1,"name":"Home","item":"https:\/\/www.rmc-remacon.com\/fr\/"},{"@type":"ListItem","position":2,"name":"CONDITIONS G\u00c9N\u00c9RALES DE VENTE"}]},{"@type":"WebSite","@id":"https:\/\/www.rmc-remacon.com\/fr\/#website","url":"https:\/\/www.rmc-remacon.com\/fr\/","name":"RMC Remacon GmbH","description":"RMC Remacon","potentialAction":[{"@type":"SearchAction","target":{"@type":"EntryPoint","urlTemplate":"https:\/\/www.rmc-remacon.com\/fr\/?s={search_term_string}"},"query-input":{"@type":"PropertyValueSpecification","valueRequired":true,"valueName":"search_term_string"}}],"inLanguage":"fr-FR"}]}},"_links":{"self":[{"href":"https:\/\/www.rmc-remacon.com\/fr\/wp-json\/wp\/v2\/pages\/2596","targetHints":{"allow":["GET"]}}],"collection":[{"href":"https:\/\/www.rmc-remacon.com\/fr\/wp-json\/wp\/v2\/pages"}],"about":[{"href":"https:\/\/www.rmc-remacon.com\/fr\/wp-json\/wp\/v2\/types\/page"}],"author":[{"embeddable":true,"href":"https:\/\/www.rmc-remacon.com\/fr\/wp-json\/wp\/v2\/users\/8"}],"replies":[{"embeddable":true,"href":"https:\/\/www.rmc-remacon.com\/fr\/wp-json\/wp\/v2\/comments?post=2596"}],"version-history":[{"count":1,"href":"https:\/\/www.rmc-remacon.com\/fr\/wp-json\/wp\/v2\/pages\/2596\/revisions"}],"predecessor-version":[{"id":2597,"href":"https:\/\/www.rmc-remacon.com\/fr\/wp-json\/wp\/v2\/pages\/2596\/revisions\/2597"}],"wp:attachment":[{"href":"https:\/\/www.rmc-remacon.com\/fr\/wp-json\/wp\/v2\/media?parent=2596"}],"curies":[{"name":"wp","href":"https:\/\/api.w.org\/{rel}","templated":true}]}}