{"id":2630,"date":"2024-04-24T15:02:49","date_gmt":"2024-04-24T13:02:49","guid":{"rendered":"https:\/\/www.rmc-remacon.com\/autres-produits\/"},"modified":"2024-04-25T10:34:36","modified_gmt":"2024-04-25T08:34:36","slug":"autres-produits","status":"publish","type":"page","link":"https:\/\/www.rmc-remacon.com\/fr\/autres-produits\/","title":{"rendered":"Autres produits"},"content":{"rendered":"\n\n  <div class=\"banner has-hover has-video\" id=\"banner-919219255\">\n          <div class=\"banner-inner fill\">\n        <div class=\"banner-bg fill\" >\n                        \t<div class=\"video-overlay no-click fill visible\"><\/div>\n\t<video class=\"video-bg fill visible\" preload playsinline autoplay muted loop>\n\t\t<source src=\"\/wp-content\/uploads\/2020\/05\/rmc-remacon-sonstige-produkte.mp4\" type=\"video\/mp4\">\t<\/video>\n                        \n                    <\/div>\n\t\t\n        <div class=\"banner-layers container\">\n            <div class=\"fill banner-link\"><\/div>            \n\n   <div id=\"text-box-504175772\" class=\"text-box banner-layer x50 md-x50 lg-x50 y50 md-y50 lg-y50 res-text\">\n                     <div data-animate=\"fadeInDown\">           <div class=\"text-box-content text dark\">\n              \n              <div class=\"text-inner text-right\">\n                  \n\n<h1>Carbone technique<\/h1>\n<h2>Grande diversit\u00e9 de&nbsp;Innovation<\/h2>\n<a data-animate=\"fadeInUp\" href=\"#start\" class=\"button primary\"  >\n\t\t<span>Info<\/span>\n\t<i class=\"icon-angle-down\" aria-hidden=\"true\" ><\/i><\/a>\n\n\n<a data-animate=\"fadeInUp\" href=\"#kontakt\" class=\"button primary\"  >\n\t\t<span>Conseil<\/span>\n\t<i class=\"icon-angle-down\" aria-hidden=\"true\" ><\/i><\/a>\n\n\n\n              <\/div>\n           <\/div>\n       <\/div>                     \n<style>\n#text-box-504175772 {\n  width: 90%;\n}\n#text-box-504175772 .text-box-content {\n  font-size: 100%;\n}\n@media (min-width:550px) {\n  #text-box-504175772 {\n    width: 80%;\n  }\n}\n<\/style>\n    <\/div>\n \n\n        <\/div>\n      <\/div>\n\n            \n<style>\n#banner-919219255 {\n  padding-top: 150vw;\n}\n@media (min-width:550px) {\n  #banner-919219255 {\n    padding-top: 56.25%;\n  }\n}\n<\/style>\n  <\/div>\n\n\n<span class=\"scroll-to\" data-label=\"Scroll to: #lancement\" data-bullet=\"false\" data-link=\"#lancement\" data-title=\"Lancement\" ><a name=\"lancement\"><\/a><\/span>\n\n\t<div id=\"gap-1340572187\" class=\"gap-element clearfix\" style=\"display:block; height:auto;\">\n\t\t\n<style>\n#gap-1340572187 {\n  padding-top: 4em;\n}\n<\/style>\n\t<\/div>\n\t\n\n\n\t<section class=\"section\" id=\"section_139142841\">\n\t\t<div class=\"section-bg fill\" >\n\t\t\t\t\t\t\t\t\t\n\t\t\t\n\n\t\t<\/div>\n\n\t\t\n\n\t\t<div class=\"section-content relative\">\n\t\t\t\n\n<div class=\"row align-middle align-center\" style=\"max-width:900px\" id=\"row-1153418122\">\n\n\n\t<div id=\"col-333042638\" class=\"col medium-9 large-9\"  data-animate=\"fadeInUp\">\n\t\t\t\t<div class=\"col-inner text-center\"  >\n\t\t\t\n\t\t\t\n\n<h2>La diversit\u00e9&nbsp;&#8230;<\/h2>\n<p>&#8230; des charbons techniques propos\u00e9s par RMC Remacon se traduit par un large portefeuille de mat\u00e9riaux qui, outre les domaines mentionn\u00e9s sur le site, sont compl\u00e9t\u00e9s entre autres par les produits suivants :<\/p>\n\n\t\t<\/div>\n\t\t\t\t\t<\/div>\n\n\t\n\n<\/div>\n\n\t\t<\/div>\n\n\t\t\n<style>\n#section_139142841 {\n  padding-top: 0px;\n  padding-bottom: 0px;\n}\n<\/style>\n\t<\/section>\n\t\n\t<div id=\"gap-484156780\" class=\"gap-element clearfix\" style=\"display:block; height:auto;\">\n\t\t\n<style>\n#gap-484156780 {\n  padding-top: 4em;\n}\n<\/style>\n\t<\/div>\n\t\n\n\n\t<section class=\"section\" id=\"section_1982674221\">\n\t\t<div class=\"section-bg fill\" >\n\t\t\t\t\t\t\t\t\t\n\t\t\t\n\n\t\t<\/div>\n\n\t\t\n\n\t\t<div class=\"section-content relative\">\n\t\t\t\n\n<div class=\"container section-title-container\" ><h2 class=\"section-title section-title-center\"><b><\/b><span class=\"section-title-main\" >Produits<\/span><b><\/b><\/h2><\/div>\n\n<div class=\"row\" style=\"max-width:900px\" id=\"row-2004800010\">\n\n\n\t<div id=\"col-1802080154\" class=\"col small-12 large-12\"  >\n\t\t\t\t<div class=\"col-inner\"  >\n\t\t\t\n\t\t\t\n\n<div class=\"accordion\">\n\n\t<div id=\"accordion-2761496789\" class=\"accordion-item\">\n\t\t<a id=\"accordion-2761496789-label\" class=\"accordion-title plain\" href=\"#accordion-item-graphite-amorphe-et-graphite-naturel-macrocristallin\" aria-expanded=\"false\" aria-controls=\"accordion-2761496789-content\" >\n\t\t\t<button class=\"toggle\" aria-label=\"Basculer\"><i class=\"icon-angle-down\"><\/i><\/button>\n\t\t\t<span>Graphite amorphe et graphite naturel macrocristallin<\/span>\n\t\t<\/a>\n\t\t<div id=\"accordion-2761496789-content\" class=\"accordion-inner\" aria-labelledby=\"accordion-2761496789-label\" >\n\t\t\t\n\n<p>RMC Remacon propose diff\u00e9rentes qualit\u00e9s de graphite naturel macrocristallin et de graphite amorphe. Dans ce cas, il est possible de d\u00e9finir non seulement la taille des grains et la puret\u00e9, mais aussi l&rsquo;origine du mat\u00e9riau.&nbsp;<\/p>\n\n\t\t<\/div>\n\t<\/div>\n\t\n\t<div id=\"accordion-1620432366\" class=\"accordion-item\">\n\t\t<a id=\"accordion-1620432366-label\" class=\"accordion-title plain\" href=\"#accordion-item-anthracite\" aria-expanded=\"false\" aria-controls=\"accordion-1620432366-content\" >\n\t\t\t<button class=\"toggle\" aria-label=\"Basculer\"><i class=\"icon-angle-down\"><\/i><\/button>\n\t\t\t<span>Anthracite<\/span>\n\t\t<\/a>\n\t\t<div id=\"accordion-1620432366-content\" class=\"accordion-inner\" aria-labelledby=\"accordion-1620432366-label\" >\n\t\t\t\n\n<p>Nous proposons \u00e0 la fois de l&rsquo;anthracite calcin\u00e9 au gaz (GCA) et de l&rsquo;anthracite calcin\u00e9 \u00e9lectriquement (ECA) selon les sp\u00e9cifications du client.<\/p>\n\n\t\t<\/div>\n\t<\/div>\n\t\n\t<div id=\"accordion-1842139305\" class=\"accordion-item\">\n\t\t<a id=\"accordion-1842139305-label\" class=\"accordion-title plain\" href=\"#accordion-item-graphite-expansible-|-plaques-et-films-expansibles\" aria-expanded=\"false\" aria-controls=\"accordion-1842139305-content\" >\n\t\t\t<button class=\"toggle\" aria-label=\"Basculer\"><i class=\"icon-angle-down\"><\/i><\/button>\n\t\t\t<span>graphite expansible | plaques et films expansibles<\/span>\n\t\t<\/a>\n\t\t<div id=\"accordion-1842139305-content\" class=\"accordion-inner\" aria-labelledby=\"accordion-1842139305-label\" >\n\t\t\t\n\n<p>Outre le graphite expans\u00e9 en vrac, RMC Remacon propose \u00e9galement ce que l&rsquo;on appelle des rognures de feuilles expans\u00e9es. Dans le domaine des pi\u00e8ces moul\u00e9es en graphite expans\u00e9, nous avons dans notre portefeuille des composants expansibles sous forme de plaques et de feuilles.<\/p>\n\n\t\t<\/div>\n\t<\/div>\n\t\n\t<div id=\"accordion-1412506974\" class=\"accordion-item\">\n\t\t<a id=\"accordion-1412506974-label\" class=\"accordion-title plain\" href=\"#accordion-item-graphites-synth\u00e9tiques\" aria-expanded=\"false\" aria-controls=\"accordion-1412506974-content\" >\n\t\t\t<button class=\"toggle\" aria-label=\"Basculer\"><i class=\"icon-angle-down\"><\/i><\/button>\n\t\t\t<span>Graphites synth\u00e9tiques<\/span>\n\t\t<\/a>\n\t\t<div id=\"accordion-1412506974-content\" class=\"accordion-inner\" aria-labelledby=\"accordion-1412506974-label\" >\n\t\t\t\n\n<p>Outre nos graphites micronis\u00e9s, nous proposons \u00e9galement des graphites synth\u00e9tiques de granulom\u00e9trie plus grossi\u00e8re.<\/p>\n\n\t\t<\/div>\n\t<\/div>\n\t\n\t<div id=\"accordion-1404398027\" class=\"accordion-item\">\n\t\t<a id=\"accordion-1404398027-label\" class=\"accordion-title plain\" href=\"#accordion-item-noir-de-carbone-industriel-|-noir-de-carbone\" aria-expanded=\"false\" aria-controls=\"accordion-1404398027-content\" >\n\t\t\t<button class=\"toggle\" aria-label=\"Basculer\"><i class=\"icon-angle-down\"><\/i><\/button>\n\t\t\t<span>Noir de carbone industriel | Noir de carbone<\/span>\n\t\t<\/a>\n\t\t<div id=\"accordion-1404398027-content\" class=\"accordion-inner\" aria-labelledby=\"accordion-1404398027-label\" >\n\t\t\t\n\n<p>Le noir de carbone industriel, \u00e9galement appel\u00e9 noir de carbone, est une mati\u00e8re premi\u00e8re importante pour l&rsquo;industrie du caoutchouc et des peintures\/vernis. Contactez-nous en fonction de vos besoins. Nous avons acc\u00e8s \u00e0 une grande vari\u00e9t\u00e9 de suies.<\/p>\n\n\t\t<\/div>\n\t<\/div>\n\t\n\n<\/div>\n\n\t\t<\/div>\n\t\t\t\t\t<\/div>\n\n\t\n\n<\/div>\n\n\t\t<\/div>\n\n\t\t\n<style>\n#section_1982674221 {\n  padding-top: 0px;\n  padding-bottom: 0px;\n}\n<\/style>\n\t<\/section>\n\t\n\t<div id=\"gap-399705301\" class=\"gap-element clearfix\" style=\"display:block; height:auto;\">\n\t\t\n<style>\n#gap-399705301 {\n  padding-top: 4em;\n}\n<\/style>\n\t<\/div>\n\t\n\n\n\t<section class=\"section\" id=\"section_792882920\">\n\t\t<div class=\"section-bg fill\" >\n\t\t\t\t\t\t\t\t\t\n\t\t\t\n\n\t\t<\/div>\n\n\t\t\n\n\t\t<div class=\"section-content relative\">\n\t\t\t\n\n<div class=\"container section-title-container\" ><h2 class=\"section-title section-title-center\"><b><\/b><span class=\"section-title-main\" >Autres mat\u00e9riaux et solutions<\/span><b><\/b><\/h2><\/div>\n\n<div class=\"row row-full-width align-middle align-right\"  id=\"row-727904339\">\n\n\n\t<div id=\"col-1269975010\" class=\"col medium-12 small-12 large-6 medium-col-first\"  data-animate=\"fadeInRight\">\n\t\t\t\t<div class=\"col-inner\"  >\n\t\t\t\n\t\t\t\n\n\t<div class=\"img has-hover x md-x lg-x y md-y lg-y\" id=\"image_1410012925\">\n\t\t\t\t\t\t\t\t<div class=\"img-inner image-cover dark\" style=\"padding-top:75%;\">\n\t\t\t<img loading=\"lazy\" decoding=\"async\" width=\"1020\" height=\"408\" src=\"https:\/\/www.rmc-remacon.com\/wp-content\/uploads\/2020\/05\/rmc-remacon-Fotolia_102381789_S.jpg\" class=\"attachment-large size-large\" alt=\"\" srcset=\"https:\/\/www.rmc-remacon.com\/wp-content\/uploads\/2020\/05\/rmc-remacon-Fotolia_102381789_S.jpg 1096w, https:\/\/www.rmc-remacon.com\/wp-content\/uploads\/2020\/05\/rmc-remacon-Fotolia_102381789_S-800x320.jpg 800w, https:\/\/www.rmc-remacon.com\/wp-content\/uploads\/2020\/05\/rmc-remacon-Fotolia_102381789_S-768x307.jpg 768w\" sizes=\"auto, (max-width: 1020px) 100vw, 1020px\" \/>\t\t\t\t\t\t\n\t\t\t\t\t<\/div>\n\t\t\t\t\t\t\t\t\n<style>\n#image_1410012925 {\n  width: 100%;\n}\n@media (min-width:550px) {\n  #image_1410012925 {\n    width: 80%;\n  }\n}\n@media (min-width:850px) {\n  #image_1410012925 {\n    width: 100%;\n  }\n}\n<\/style>\n\t<\/div>\n\t\n\n\n\t\t<\/div>\n\t\t\t\t\t<\/div>\n\n\t\n\n\t<div id=\"col-597477240\" class=\"col medium-9 small-12 large-6\"  data-animate=\"fadeInLeft\">\n\t\t\t\t<div class=\"col-inner\"  >\n\t\t\t\n\t\t\t\n\n<div class=\"row\"  id=\"row-247308890\">\n\n\n\t<div id=\"col-729788048\" class=\"col small-12 large-12\"  >\n\t\t\t\t<div class=\"col-inner\"  >\n\t\t\t\n\t\t\t\n\n<h2>Vous ne trouvez pas la solution qui vous convient sur&nbsp;?<\/h2>\n<p>RMC Remacon r\u00e9pond \u00e0 vos besoins sur mesure et dans le monde entier. Notre gamme de produits comprend d&rsquo;autres mat\u00e9riaux et types sp\u00e9ciaux qui peuvent \u00eatre personnalis\u00e9s en fonction de vos besoins. N&rsquo;h\u00e9sitez pas \u00e0 nous contacter.<\/p>\n<a href=\"#kontakt\" class=\"button primary #kontakt\"  >\n\t\t<span>Contact<\/span>\n\t<i class=\"icon-angle-down\" aria-hidden=\"true\" ><\/i><\/a>\n\n\n\n\t\t<\/div>\n\t\t\t\t\t<\/div>\n\n\t\n\n<\/div>\n\n\t\t<\/div>\n\t\t\t\t\t<\/div>\n\n\t\n\n<\/div>\n\n\t\t<\/div>\n\n\t\t\n<style>\n#section_792882920 {\n  padding-top: 0px;\n  padding-bottom: 0px;\n}\n<\/style>\n\t<\/section>\n\t\n\t<div id=\"gap-1591952074\" class=\"gap-element clearfix\" style=\"display:block; height:auto;\">\n\t\t\n<style>\n#gap-1591952074 {\n  padding-top: 4em;\n}\n<\/style>\n\t<\/div>\n\t\n\n\n\t<section class=\"section dark\" id=\"section_1221405821\">\n\t\t<div class=\"section-bg fill\" >\n\t\t\t\t\t\t\t\t\t\n\t\t\t\n\n\t\t<\/div>\n\n\t\t\n\n\t\t<div class=\"section-content relative\">\n\t\t\t\n\n<div class=\"row\" style=\"max-width:900px\" id=\"row-1196248575\">\n\n\n\t<div id=\"col-2117233665\" class=\"col large-12\"  data-animate=\"fadeInUp\">\n\t\t\t\t<div class=\"col-inner text-center\"  >\n\t\t\t\n\t\t\t\n\n<h2>RMC Remacon<\/h2>\n<p>Bas\u00e9e \u00e0 Bad S\u00e4ckingen dans le Haut-Rhin, RMC Remacon fournit aujourd&rsquo;hui du charbon technique dans le monde entier. Nous comptons parmi nos clients aussi bien des petites entreprises de taille moyenne que des grands groupes internationaux.<\/p>\n<p>Nos consultants poss\u00e8dent un savoir-faire \u00e9tendu sur les possibilit\u00e9s d&rsquo;utilisation du carbone technique. Nous nous ferons un plaisir de vous conseiller sur le produit le mieux adapt\u00e9 \u00e0 vos besoins.<\/p>\n<a href=\"#kontakt\" class=\"button white is-outline\"  >\n\t\t<span>Vers le contact<\/span>\n\t<i class=\"icon-angle-down\" aria-hidden=\"true\" ><\/i><\/a>\n\n\n\n\t\t<\/div>\n\t\t\t\t\t<\/div>\n\n\t\n\n<\/div>\n\n\t\t<\/div>\n\n\t\t\n<style>\n#section_1221405821 {\n  padding-top: 5vw;\n  padding-bottom: 5vw;\n  background-color: rgb(116, 22, 37);\n}\n<\/style>\n\t<\/section>\n\t\n\t<div id=\"gap-1688155305\" class=\"gap-element clearfix\" style=\"display:block; height:auto;\">\n\t\t\n<style>\n#gap-1688155305 {\n  padding-top: 4em;\n}\n<\/style>\n\t<\/div>\n\t\n\n<span class=\"scroll-to\" data-label=\"Scroll to: #kontakt\" data-bullet=\"false\" data-link=\"#kontakt\" data-title=\"Change this\" ><a name=\"kontakt\"><\/a><\/span>\r\n\r\n<div class=\"container section-title-container\" style=\"margin-top:4em;\"><h2 class=\"section-title section-title-center\"><b><\/b><span class=\"section-title-main\" >Conseil et contact<\/span><b><\/b><\/h2><\/div>\r\n\r\n\n\t<section class=\"section\" id=\"section_1488601998\">\n\t\t<div class=\"section-bg fill\" >\n\t\t\t\t\t\t\t\t\t\n\t\t\t\n\n\t\t<\/div>\n\n\t\t\n\n\t\t<div class=\"section-content relative\">\n\t\t\t\r\n\r\n<div class=\"row row-collapse align-middle\" style=\"max-width:1400px\" id=\"row-960002887\">\r\n\r\n\n\t<div id=\"col-1729034656\" class=\"col medium-12 small-12 large-6\"  data-animate=\"fadeInDown\">\n\t\t\t\t<div class=\"col-inner text-left dark\" style=\"background-color:#8c182c;\" >\n\t\t\t\n\t\t\t\r\n\r\n<div class=\"row\" style=\"max-width:-107px\" id=\"row-1988407631\">\r\n\r\n\n\t<div id=\"col-1293068129\" class=\"col small-12 large-12\"  >\n\t\t\t\t<div class=\"col-inner\"  >\n\t\t\t\n\t\t\t\r\n\r\n<h3>Vous avez des questions ou besoin de conseils ?<\/h3>\r\n<p>Appelez-nous ou \u00e9crivez-nous via notre formulaire de contact.<\/p>\r\n<p><strong>RMC Remacon GmbH<\/strong><br>Hugo-Herrmann-Str. 15 15  <br>79713 Bad S\u00e4ckingen <br>Allemagne<\/p>\r\n<p><strong>T\u00e9l. +49 7761 939 930  <br>Courrier \u00e9lectronique : <a title=\"Contact\" href=\"mailto:info@rmc-remacon.com\">info@rmc-remacon.com<\/a><\/strong><\/p>\r\n<p> <\/p>\r\n\r\n\t\t<\/div>\n\t\t\t\t\t<\/div>\n\n\t\r\n\r\n<\/div>\r\n\r\n\t\t<\/div>\n\t\t\t\t\n<style>\n#col-1729034656 > .col-inner {\n  padding: 15% 5% 15% 5%;\n}\n<\/style>\n\t<\/div>\n\n\t\r\n\n\t<div id=\"col-673643805\" class=\"col medium-12 small-12 large-6\"  data-animate=\"fadeInUp\">\n\t\t\t\t<div class=\"col-inner\"  >\n\t\t\t\n\t\t\t\r\n\r\n\n  <div class=\"banner has-hover\" id=\"banner-83289477\">\n          <div class=\"banner-inner fill\">\n        <div class=\"banner-bg fill\" >\n                                                \n                    <\/div>\n\t\t\n        <div class=\"banner-layers container\">\n            <div class=\"fill banner-link\"><\/div>            \r\n\r\n   <div id=\"text-box-1270651290\" class=\"text-box banner-layer x50 md-x50 lg-x50 y50 md-y50 lg-y50 res-text\">\n                                <div class=\"text-box-content text \">\n              \n              <div class=\"text-inner text-left\">\n                  \r\n\r\n\n<div class=\"wpcf7 no-js\" id=\"wpcf7-f2638-o1\" lang=\"de-DE\" dir=\"ltr\" data-wpcf7-id=\"2638\">\n<div class=\"screen-reader-response\"><p role=\"status\" aria-live=\"polite\" aria-atomic=\"true\"><\/p> <ul><\/ul><\/div>\n<form action=\"\/fr\/wp-json\/wp\/v2\/pages\/2630#wpcf7-f2638-o1\" method=\"post\" class=\"wpcf7-form init\" aria-label=\"Kontaktformular\" novalidate=\"novalidate\" data-status=\"init\">\n<fieldset class=\"hidden-fields-container\"><input type=\"hidden\" name=\"_wpcf7\" value=\"2638\" \/><input type=\"hidden\" name=\"_wpcf7_version\" value=\"6.1.5\" \/><input type=\"hidden\" name=\"_wpcf7_locale\" value=\"de_DE\" \/><input type=\"hidden\" name=\"_wpcf7_unit_tag\" value=\"wpcf7-f2638-o1\" \/><input type=\"hidden\" name=\"_wpcf7_container_post\" value=\"0\" \/><input type=\"hidden\" name=\"_wpcf7_posted_data_hash\" value=\"\" \/><input type=\"hidden\" name=\"_wpcf7_recaptcha_response\" value=\"\" \/>\n<\/fieldset>\n<p><label> Ton nom<br \/>\n<span class=\"wpcf7-form-control-wrap\" data-name=\"your-name\"><input size=\"40\" maxlength=\"400\" class=\"wpcf7-form-control wpcf7-text wpcf7-validates-as-required\" autocomplete=\"name\" aria-required=\"true\" aria-invalid=\"false\" value=\"\" type=\"text\" name=\"your-name\" \/><\/span> <\/label>\n<\/p>\n<p><label> Ton mail<br \/>\n<span class=\"wpcf7-form-control-wrap\" data-name=\"your-email\"><input size=\"40\" maxlength=\"400\" class=\"wpcf7-form-control wpcf7-email wpcf7-validates-as-required wpcf7-text wpcf7-validates-as-email\" autocomplete=\"email\" aria-required=\"true\" aria-invalid=\"false\" value=\"\" type=\"email\" name=\"your-email\" \/><\/span> <\/label>\n<\/p>\n<p><label> num\u00e9ro de t\u00e9l\u00e9phone<br \/>\n<\/label><label><span class=\"wpcf7-form-control-wrap\" data-name=\"tel-164\"><input size=\"40\" maxlength=\"400\" class=\"wpcf7-form-control wpcf7-tel wpcf7-validates-as-required wpcf7-text wpcf7-validates-as-tel\" aria-required=\"true\" aria-invalid=\"false\" value=\"\" type=\"tel\" name=\"tel-164\" \/><\/span> <\/label>\n<\/p>\n<p><label> Sujet<br \/>\n<span class=\"wpcf7-form-control-wrap\" data-name=\"your-subject\"><input size=\"40\" maxlength=\"400\" class=\"wpcf7-form-control wpcf7-text wpcf7-validates-as-required\" aria-required=\"true\" aria-invalid=\"false\" value=\"\" type=\"text\" name=\"your-subject\" \/><\/span> <\/label>\n<\/p>\n<p><label> Ton message<br \/>\n<span class=\"wpcf7-form-control-wrap\" data-name=\"your-message\"><textarea cols=\"40\" rows=\"10\" maxlength=\"2000\" class=\"wpcf7-form-control wpcf7-textarea\" aria-invalid=\"false\" name=\"your-message\"><\/textarea><\/span> <\/label>\n<\/p>\n<p><input class=\"wpcf7-form-control wpcf7-submit has-spinner\" type=\"submit\" value=\"envoyer\" \/>\n<\/p><div class=\"wpcf7-response-output\" aria-hidden=\"true\"><\/div>\n<\/form>\n<\/div>\n\r\n\r\n\r\n              <\/div>\n           <\/div>\n                            \n<style>\n#text-box-1270651290 {\n  width: 90%;\n}\n#text-box-1270651290 .text-box-content {\n  font-size: 80%;\n}\n@media (min-width:550px) {\n  #text-box-1270651290 {\n    width: 90%;\n  }\n}\n@media (min-width:850px) {\n  #text-box-1270651290 {\n    width: 70%;\n  }\n}\n<\/style>\n    <\/div>\n \r\n\r\n        <\/div>\n      <\/div>\n\n            \n<style>\n#banner-83289477 {\n  padding-top: 600px;\n  background-color: rgb(255,255,255);\n}\n@media (min-width:850px) {\n  #banner-83289477 {\n    padding-top: 500px;\n  }\n}\n<\/style>\n  <\/div>\n\n\r\n\r\n\t\t<\/div>\n\t\t\t\t\t<\/div>\n\n\t\r\n\r\n<\/div>\r\n\r\n\t\t<\/div>\n\n\t\t\n<style>\n#section_1488601998 {\n  padding-top: 0px;\n  padding-bottom: 0px;\n}\n@media (min-width:550px) {\n  #section_1488601998 {\n    padding-top: 0px;\n    padding-bottom: 0px;\n  }\n}\n<\/style>\n\t<\/section>\n\t\n\n\t<div id=\"gap-881126078\" class=\"gap-element clearfix\" style=\"display:block; height:auto;\">\n\t\t\n<style>\n#gap-881126078 {\n  padding-top: 4em;\n}\n<\/style>\n\t<\/div>\n\t\n","protected":false},"excerpt":{"rendered":"","protected":false},"author":6,"featured_media":0,"parent":0,"menu_order":0,"comment_status":"closed","ping_status":"closed","template":"","meta":{"footnotes":""},"class_list":["post-2630","page","type-page","status-publish","hentry"],"yoast_head":"<!-- This site is optimized with the Yoast SEO plugin v27.5 - https:\/\/yoast.com\/product\/yoast-seo-wordpress\/ -->\n<title>Des carbones techniques vari\u00e9s - Graphite de RMC Remacon GmbH<\/title>\n<meta name=\"description\" content=\"Graphite amorphe et graphite naturel macrocristallin, anthracite, graphite expans\u00e9, plaques et feuilles expansibles, graphites synth\u00e9tiques et noirs de carbone industriels.\" \/>\n<meta name=\"robots\" content=\"index, follow, max-snippet:-1, max-image-preview:large, max-video-preview:-1\" \/>\n<link rel=\"canonical\" href=\"https:\/\/www.rmc-remacon.com\/fr\/autres-produits\/\" \/>\n<meta property=\"og:locale\" content=\"fr_FR\" \/>\n<meta property=\"og:type\" content=\"article\" \/>\n<meta property=\"og:title\" content=\"Des carbones techniques vari\u00e9s - Graphite de RMC Remacon GmbH\" \/>\n<meta property=\"og:description\" content=\"Graphite amorphe et graphite naturel macrocristallin, anthracite, graphite expans\u00e9, plaques et feuilles expansibles, graphites synth\u00e9tiques et noirs de carbone industriels.\" \/>\n<meta property=\"og:url\" content=\"https:\/\/www.rmc-remacon.com\/fr\/autres-produits\/\" \/>\n<meta property=\"og:site_name\" content=\"RMC Remacon GmbH\" \/>\n<meta property=\"article:modified_time\" content=\"2024-04-25T08:34:36+00:00\" \/>\n<meta name=\"twitter:card\" content=\"summary_large_image\" \/>\n<script type=\"application\/ld+json\" class=\"yoast-schema-graph\">{\"@context\":\"https:\\\/\\\/schema.org\",\"@graph\":[{\"@type\":\"WebPage\",\"@id\":\"https:\\\/\\\/www.rmc-remacon.com\\\/fr\\\/autres-produits\\\/\",\"url\":\"https:\\\/\\\/www.rmc-remacon.com\\\/fr\\\/autres-produits\\\/\",\"name\":\"Des carbones techniques vari\u00e9s - Graphite de RMC Remacon GmbH\",\"isPartOf\":{\"@id\":\"https:\\\/\\\/www.rmc-remacon.com\\\/fr\\\/#website\"},\"datePublished\":\"2024-04-24T13:02:49+00:00\",\"dateModified\":\"2024-04-25T08:34:36+00:00\",\"description\":\"Graphite amorphe et graphite naturel macrocristallin, anthracite, graphite expans\u00e9, plaques et feuilles expansibles, graphites synth\u00e9tiques et noirs de carbone industriels.\",\"breadcrumb\":{\"@id\":\"https:\\\/\\\/www.rmc-remacon.com\\\/fr\\\/autres-produits\\\/#breadcrumb\"},\"inLanguage\":\"fr-FR\",\"potentialAction\":[{\"@type\":\"ReadAction\",\"target\":[\"https:\\\/\\\/www.rmc-remacon.com\\\/fr\\\/autres-produits\\\/\"]}]},{\"@type\":\"BreadcrumbList\",\"@id\":\"https:\\\/\\\/www.rmc-remacon.com\\\/fr\\\/autres-produits\\\/#breadcrumb\",\"itemListElement\":[{\"@type\":\"ListItem\",\"position\":1,\"name\":\"Home\",\"item\":\"https:\\\/\\\/www.rmc-remacon.com\\\/fr\\\/\"},{\"@type\":\"ListItem\",\"position\":2,\"name\":\"Autres produits\"}]},{\"@type\":\"WebSite\",\"@id\":\"https:\\\/\\\/www.rmc-remacon.com\\\/fr\\\/#website\",\"url\":\"https:\\\/\\\/www.rmc-remacon.com\\\/fr\\\/\",\"name\":\"RMC Remacon GmbH\",\"description\":\"RMC Remacon\",\"potentialAction\":[{\"@type\":\"SearchAction\",\"target\":{\"@type\":\"EntryPoint\",\"urlTemplate\":\"https:\\\/\\\/www.rmc-remacon.com\\\/fr\\\/?s={search_term_string}\"},\"query-input\":{\"@type\":\"PropertyValueSpecification\",\"valueRequired\":true,\"valueName\":\"search_term_string\"}}],\"inLanguage\":\"fr-FR\"}]}<\/script>\n<!-- \/ Yoast SEO plugin. -->","yoast_head_json":{"title":"Des carbones techniques vari\u00e9s - Graphite de RMC Remacon GmbH","description":"Graphite amorphe et graphite naturel macrocristallin, anthracite, graphite expans\u00e9, plaques et feuilles expansibles, graphites synth\u00e9tiques et noirs de carbone industriels.","robots":{"index":"index","follow":"follow","max-snippet":"max-snippet:-1","max-image-preview":"max-image-preview:large","max-video-preview":"max-video-preview:-1"},"canonical":"https:\/\/www.rmc-remacon.com\/fr\/autres-produits\/","og_locale":"fr_FR","og_type":"article","og_title":"Des carbones techniques vari\u00e9s - Graphite de RMC Remacon GmbH","og_description":"Graphite amorphe et graphite naturel macrocristallin, anthracite, graphite expans\u00e9, plaques et feuilles expansibles, graphites synth\u00e9tiques et noirs de carbone industriels.","og_url":"https:\/\/www.rmc-remacon.com\/fr\/autres-produits\/","og_site_name":"RMC Remacon GmbH","article_modified_time":"2024-04-25T08:34:36+00:00","twitter_card":"summary_large_image","schema":{"@context":"https:\/\/schema.org","@graph":[{"@type":"WebPage","@id":"https:\/\/www.rmc-remacon.com\/fr\/autres-produits\/","url":"https:\/\/www.rmc-remacon.com\/fr\/autres-produits\/","name":"Des carbones techniques vari\u00e9s - Graphite de RMC Remacon GmbH","isPartOf":{"@id":"https:\/\/www.rmc-remacon.com\/fr\/#website"},"datePublished":"2024-04-24T13:02:49+00:00","dateModified":"2024-04-25T08:34:36+00:00","description":"Graphite amorphe et graphite naturel macrocristallin, anthracite, graphite expans\u00e9, plaques et feuilles expansibles, graphites synth\u00e9tiques et noirs de carbone industriels.","breadcrumb":{"@id":"https:\/\/www.rmc-remacon.com\/fr\/autres-produits\/#breadcrumb"},"inLanguage":"fr-FR","potentialAction":[{"@type":"ReadAction","target":["https:\/\/www.rmc-remacon.com\/fr\/autres-produits\/"]}]},{"@type":"BreadcrumbList","@id":"https:\/\/www.rmc-remacon.com\/fr\/autres-produits\/#breadcrumb","itemListElement":[{"@type":"ListItem","position":1,"name":"Home","item":"https:\/\/www.rmc-remacon.com\/fr\/"},{"@type":"ListItem","position":2,"name":"Autres produits"}]},{"@type":"WebSite","@id":"https:\/\/www.rmc-remacon.com\/fr\/#website","url":"https:\/\/www.rmc-remacon.com\/fr\/","name":"RMC Remacon GmbH","description":"RMC Remacon","potentialAction":[{"@type":"SearchAction","target":{"@type":"EntryPoint","urlTemplate":"https:\/\/www.rmc-remacon.com\/fr\/?s={search_term_string}"},"query-input":{"@type":"PropertyValueSpecification","valueRequired":true,"valueName":"search_term_string"}}],"inLanguage":"fr-FR"}]}},"_links":{"self":[{"href":"https:\/\/www.rmc-remacon.com\/fr\/wp-json\/wp\/v2\/pages\/2630","targetHints":{"allow":["GET"]}}],"collection":[{"href":"https:\/\/www.rmc-remacon.com\/fr\/wp-json\/wp\/v2\/pages"}],"about":[{"href":"https:\/\/www.rmc-remacon.com\/fr\/wp-json\/wp\/v2\/types\/page"}],"author":[{"embeddable":true,"href":"https:\/\/www.rmc-remacon.com\/fr\/wp-json\/wp\/v2\/users\/6"}],"replies":[{"embeddable":true,"href":"https:\/\/www.rmc-remacon.com\/fr\/wp-json\/wp\/v2\/comments?post=2630"}],"version-history":[{"count":1,"href":"https:\/\/www.rmc-remacon.com\/fr\/wp-json\/wp\/v2\/pages\/2630\/revisions"}],"predecessor-version":[{"id":2631,"href":"https:\/\/www.rmc-remacon.com\/fr\/wp-json\/wp\/v2\/pages\/2630\/revisions\/2631"}],"wp:attachment":[{"href":"https:\/\/www.rmc-remacon.com\/fr\/wp-json\/wp\/v2\/media?parent=2630"}],"curies":[{"name":"wp","href":"https:\/\/api.w.org\/{rel}","templated":true}]}}