{"id":2807,"date":"2024-04-26T13:48:20","date_gmt":"2024-04-26T11:48:20","guid":{"rendered":"https:\/\/www.rmc-remacon.com\/impronta\/"},"modified":"2024-04-26T13:48:21","modified_gmt":"2024-04-26T11:48:21","slug":"impronta","status":"publish","type":"page","link":"https:\/\/www.rmc-remacon.com\/it\/impronta\/","title":{"rendered":"Impronta"},"content":{"rendered":"\n\t<div id=\"gap-285006585\" class=\"gap-element clearfix\" style=\"display:block; height:auto;\">\n\t\t\n<style>\n#gap-285006585 {\n  padding-top: 4em;\n}\n<\/style>\n\t<\/div>\n\t\n\n<div class=\"row\" style=\"max-width:900px\" id=\"row-1341562435\">\n\n\n\t<div id=\"col-791652185\" class=\"col small-12 large-12\"  >\n\t\t\t\t<div class=\"col-inner\"  >\n\t\t\t\n\t\t\t\n\n<h1>Impronta<\/h1>\n<h6>Informazioni ai sensi del \u00a7 5 TMG<\/h6>\n<p>RMC Remacon GmbH<br>Hugo-Herrmann-Str. 15  <br>79713 Bad S\u00e4ckingen<\/p>\n<p>Telefono: +49 (0)7761 939 930<br>info@rmc-remacon.com<\/p>\n<p>Tribunale di Friburgo i.Br. HRB 630495<br>Amministratore delegato: Tobias F\u00f6rster<\/p>\n<h2>ID dell&#8217;imposta sulle vendite<\/h2>\n<p>Numero di identificazione dell&#8217;imposta sulle vendite ai sensi del \u00a7 27 a della legge sull&#8217;imposta sulle vendite:<br>DE142694223<\/p>\n<h2>Protezione dei dati<span style=\"color: #555555;\"><span style=\"font-size: 14.4px;\"><br><\/span><\/span><\/h2>\n<p>Patrick Hausin<br>Telefono: +49 (0)7761 939 930<br>info@rmc-remacon.com<\/p>\n<h2>Risoluzione delle controversie nell&#8217;UE<\/h2>\n<p>La Commissione europea mette a disposizione una piattaforma per la risoluzione delle controversie online (OS): <a href=\"https:\/\/ec.europa.eu\/consumers\/odr\" target=\"_blank\" rel=\"noopener noreferrer\">https:\/\/ec.europa.eu\/consumers\/odr.<\/a><br>Il nostro indirizzo e-mail \u00e8 riportato nella nota legale di cui sopra.<\/p>\n<p> <\/p>\n<h2>Centro di risoluzione delle controversie dei consumatori\/arbitrato universale<\/h2>\n<p>Non siamo disposti o obbligati a partecipare a procedure di risoluzione delle controversie davanti a un collegio arbitrale dei consumatori.<\/p>\n<h3>Responsabilit\u00e0 per i contenuti<\/h3>\n<p>In qualit\u00e0 di fornitore di servizi, siamo obbligati, ai sensi del \u00a7 7 comma 1 TMG \u00e8 responsabile dei propri contenuti su queste pagine in base alle leggi generali. Ai sensi dei \u00a7\u00a7 8-10 TMG, tuttavia, in qualit\u00e0 di fornitore di servizi non siamo obbligati a monitorare le informazioni trasmesse o memorizzate da terzi o a indagare su circostanze che indicano un&#8217;attivit\u00e0 illegale.<\/p>\n<p>Gli obblighi di rimuovere o bloccare l&#8217;uso delle informazioni in conformit\u00e0 alla legislazione generale rimangono inalterati. Tuttavia, la responsabilit\u00e0 in questo senso \u00e8 possibile solo a partire dal momento in cui si viene a conoscenza di una specifica violazione. Non appena verremo a conoscenza di tali violazioni, rimuoveremo immediatamente i contenuti.<\/p>\n<h3>Responsabilit\u00e0 per i link<\/h3>\n<p>Il nostro sito web contiene link a siti web esterni di terzi sui cui contenuti non abbiamo alcuna influenza. Pertanto, non possiamo accettare alcuna responsabilit\u00e0 per questi contenuti di terzi. Il rispettivo fornitore o gestore delle pagine \u00e8 sempre responsabile del contenuto delle pagine collegate. Le pagine collegate sono state controllate per verificare eventuali violazioni legali al momento del collegamento. I contenuti illegali non erano riconoscibili al momento del collegamento.<\/p>\n<p>Tuttavia, il monitoraggio permanente del contenuto delle pagine collegate non \u00e8 ragionevole senza prove concrete di una violazione. Se veniamo a conoscenza di eventuali violazioni legali, rimuoveremo immediatamente tali link.<\/p>\n<h3>Copyright<\/h3>\n<p>I contenuti e le opere create dagli operatori del sito su queste pagine sono soggetti alla legge tedesca sul copyright. La riproduzione, la modifica, la distribuzione e qualsiasi tipo di utilizzo al di fuori dei limiti della legge sul copyright richiedono il consenso scritto del rispettivo autore o creatore. I download e le copie di questo sito sono consentiti solo per uso privato e non commerciale.<\/p>\n<p>Nella misura in cui i contenuti di questo sito non sono stati creati dall&#8217;operatore, si rispettano i diritti d&#8217;autore di terzi. In particolare, i contenuti di terze parti sono etichettati come tali. Se tuttavia dovessi venire a conoscenza di una violazione del copyright, ti preghiamo di informarci di conseguenza. Se veniamo a conoscenza di eventuali violazioni legali, rimuoveremo immediatamente tali contenuti.<\/p>\n<h2>Crediti immagine<\/h2>\n<p>Le foto utilizzate in questo sito web sono state create, tra gli altri, da <a title=\"Agenzia fotografica per fotografia, fotografia digitale, fotografia di moda - Foto &amp; Design\" href=\"http:\/\/www.foto-und-design.com\/\" target=\"_blank\" rel=\"noopener noreferrer\">foto-und-design.com <\/a>per conto di RMC Remacon. Le foto sono protette da copyright e non possono essere cedute.<\/p>\n<p>Per le immagini utilizzate in questo sito web \u00e8 stata acquisita una sub-licenza corrispondente e non trasferibile. I dettagli dell&#8217;autore sono elencati in una <a title=\"Crediti per le immagini dedicate\" href=\"\/crediti immagine\/\">sezione dedicata ai crediti delle immagini<\/a>.<\/p>\n<h2>Design grafico e fornitore tecnico<\/h2>\n<p>Il design grafico \u00e8 stato realizzato da Kommunikation &amp; Design per conto di RMC Remacon.<\/p>\n<p>URL <a title=\"Communication &amp; Design - Agenzia pubblicitaria nel Baden-W\u00fcrttemberg vicino al confine con la Svizzera\" href=\"http:\/\/www.kommunikation-design.de\/\" target=\"_blank\" rel=\"noopener noreferrer\">www.kommunikation-design.de<\/a><\/p>\n\n\t\t<\/div>\n\t\t\t\t\t<\/div>\n\n\t\n\n<\/div>\n\n","protected":false},"excerpt":{"rendered":"","protected":false},"author":8,"featured_media":0,"parent":0,"menu_order":0,"comment_status":"closed","ping_status":"open","template":"","meta":{"footnotes":""},"class_list":["post-2807","page","type-page","status-publish","hentry"],"yoast_head":"<!-- This site is optimized with the Yoast SEO plugin v27.6 - https:\/\/yoast.com\/product\/yoast-seo-wordpress\/ -->\n<title>Impronta - RMC Remacon GmbH<\/title>\n<meta name=\"description\" content=\"Telefono: +49 7761 \/ 939 939 E-mail: info@rmc-remacon.de\" \/>\n<meta name=\"robots\" content=\"index, follow, max-snippet:-1, max-image-preview:large, max-video-preview:-1\" \/>\n<link rel=\"canonical\" href=\"https:\/\/www.rmc-remacon.com\/it\/impronta\/\" \/>\n<meta property=\"og:locale\" content=\"it_IT\" \/>\n<meta property=\"og:type\" content=\"article\" \/>\n<meta property=\"og:title\" content=\"Impronta - RMC Remacon GmbH\" \/>\n<meta property=\"og:description\" content=\"Telefono: +49 7761 \/ 939 939 E-mail: info@rmc-remacon.de\" \/>\n<meta property=\"og:url\" content=\"https:\/\/www.rmc-remacon.com\/it\/impronta\/\" \/>\n<meta property=\"og:site_name\" content=\"RMC Remacon GmbH\" \/>\n<meta property=\"article:modified_time\" content=\"2024-04-26T11:48:21+00:00\" \/>\n<meta name=\"twitter:card\" content=\"summary_large_image\" \/>\n<meta name=\"twitter:label1\" content=\"Tempo di lettura stimato\" \/>\n\t<meta name=\"twitter:data1\" content=\"3 minuti\" \/>\n<script type=\"application\/ld+json\" class=\"yoast-schema-graph\">{\"@context\":\"https:\\\/\\\/schema.org\",\"@graph\":[{\"@type\":\"WebPage\",\"@id\":\"https:\\\/\\\/www.rmc-remacon.com\\\/it\\\/impronta\\\/\",\"url\":\"https:\\\/\\\/www.rmc-remacon.com\\\/it\\\/impronta\\\/\",\"name\":\"Impronta - RMC Remacon GmbH\",\"isPartOf\":{\"@id\":\"https:\\\/\\\/www.rmc-remacon.com\\\/it\\\/#website\"},\"datePublished\":\"2024-04-26T11:48:20+00:00\",\"dateModified\":\"2024-04-26T11:48:21+00:00\",\"description\":\"Telefono: +49 7761 \\\/ 939 939 E-mail: info@rmc-remacon.de\",\"breadcrumb\":{\"@id\":\"https:\\\/\\\/www.rmc-remacon.com\\\/it\\\/impronta\\\/#breadcrumb\"},\"inLanguage\":\"it-IT\",\"potentialAction\":[{\"@type\":\"ReadAction\",\"target\":[\"https:\\\/\\\/www.rmc-remacon.com\\\/it\\\/impronta\\\/\"]}]},{\"@type\":\"BreadcrumbList\",\"@id\":\"https:\\\/\\\/www.rmc-remacon.com\\\/it\\\/impronta\\\/#breadcrumb\",\"itemListElement\":[{\"@type\":\"ListItem\",\"position\":1,\"name\":\"Home\",\"item\":\"https:\\\/\\\/www.rmc-remacon.com\\\/it\\\/\"},{\"@type\":\"ListItem\",\"position\":2,\"name\":\"Impronta\"}]},{\"@type\":\"WebSite\",\"@id\":\"https:\\\/\\\/www.rmc-remacon.com\\\/it\\\/#website\",\"url\":\"https:\\\/\\\/www.rmc-remacon.com\\\/it\\\/\",\"name\":\"RMC Remacon GmbH\",\"description\":\"RMC Remacon\",\"potentialAction\":[{\"@type\":\"SearchAction\",\"target\":{\"@type\":\"EntryPoint\",\"urlTemplate\":\"https:\\\/\\\/www.rmc-remacon.com\\\/it\\\/?s={search_term_string}\"},\"query-input\":{\"@type\":\"PropertyValueSpecification\",\"valueRequired\":true,\"valueName\":\"search_term_string\"}}],\"inLanguage\":\"it-IT\"}]}<\/script>\n<!-- \/ Yoast SEO plugin. -->","yoast_head_json":{"title":"Impronta - RMC Remacon GmbH","description":"Telefono: +49 7761 \/ 939 939 E-mail: info@rmc-remacon.de","robots":{"index":"index","follow":"follow","max-snippet":"max-snippet:-1","max-image-preview":"max-image-preview:large","max-video-preview":"max-video-preview:-1"},"canonical":"https:\/\/www.rmc-remacon.com\/it\/impronta\/","og_locale":"it_IT","og_type":"article","og_title":"Impronta - RMC Remacon GmbH","og_description":"Telefono: +49 7761 \/ 939 939 E-mail: info@rmc-remacon.de","og_url":"https:\/\/www.rmc-remacon.com\/it\/impronta\/","og_site_name":"RMC Remacon GmbH","article_modified_time":"2024-04-26T11:48:21+00:00","twitter_card":"summary_large_image","twitter_misc":{"Tempo di lettura stimato":"3 minuti"},"schema":{"@context":"https:\/\/schema.org","@graph":[{"@type":"WebPage","@id":"https:\/\/www.rmc-remacon.com\/it\/impronta\/","url":"https:\/\/www.rmc-remacon.com\/it\/impronta\/","name":"Impronta - RMC Remacon GmbH","isPartOf":{"@id":"https:\/\/www.rmc-remacon.com\/it\/#website"},"datePublished":"2024-04-26T11:48:20+00:00","dateModified":"2024-04-26T11:48:21+00:00","description":"Telefono: +49 7761 \/ 939 939 E-mail: info@rmc-remacon.de","breadcrumb":{"@id":"https:\/\/www.rmc-remacon.com\/it\/impronta\/#breadcrumb"},"inLanguage":"it-IT","potentialAction":[{"@type":"ReadAction","target":["https:\/\/www.rmc-remacon.com\/it\/impronta\/"]}]},{"@type":"BreadcrumbList","@id":"https:\/\/www.rmc-remacon.com\/it\/impronta\/#breadcrumb","itemListElement":[{"@type":"ListItem","position":1,"name":"Home","item":"https:\/\/www.rmc-remacon.com\/it\/"},{"@type":"ListItem","position":2,"name":"Impronta"}]},{"@type":"WebSite","@id":"https:\/\/www.rmc-remacon.com\/it\/#website","url":"https:\/\/www.rmc-remacon.com\/it\/","name":"RMC Remacon GmbH","description":"RMC Remacon","potentialAction":[{"@type":"SearchAction","target":{"@type":"EntryPoint","urlTemplate":"https:\/\/www.rmc-remacon.com\/it\/?s={search_term_string}"},"query-input":{"@type":"PropertyValueSpecification","valueRequired":true,"valueName":"search_term_string"}}],"inLanguage":"it-IT"}]}},"_links":{"self":[{"href":"https:\/\/www.rmc-remacon.com\/it\/wp-json\/wp\/v2\/pages\/2807","targetHints":{"allow":["GET"]}}],"collection":[{"href":"https:\/\/www.rmc-remacon.com\/it\/wp-json\/wp\/v2\/pages"}],"about":[{"href":"https:\/\/www.rmc-remacon.com\/it\/wp-json\/wp\/v2\/types\/page"}],"author":[{"embeddable":true,"href":"https:\/\/www.rmc-remacon.com\/it\/wp-json\/wp\/v2\/users\/8"}],"replies":[{"embeddable":true,"href":"https:\/\/www.rmc-remacon.com\/it\/wp-json\/wp\/v2\/comments?post=2807"}],"version-history":[{"count":1,"href":"https:\/\/www.rmc-remacon.com\/it\/wp-json\/wp\/v2\/pages\/2807\/revisions"}],"predecessor-version":[{"id":2810,"href":"https:\/\/www.rmc-remacon.com\/it\/wp-json\/wp\/v2\/pages\/2807\/revisions\/2810"}],"wp:attachment":[{"href":"https:\/\/www.rmc-remacon.com\/it\/wp-json\/wp\/v2\/media?parent=2807"}],"curies":[{"name":"wp","href":"https:\/\/api.w.org\/{rel}","templated":true}]}}