{"id":2889,"date":"2024-04-26T15:31:35","date_gmt":"2024-04-26T13:31:35","guid":{"rendered":"https:\/\/www.rmc-remacon.com\/zrodlo-zdjec\/"},"modified":"2024-04-26T15:31:36","modified_gmt":"2024-04-26T13:31:36","slug":"zrodlo-zdjec","status":"publish","type":"page","link":"https:\/\/www.rmc-remacon.com\/pl\/zrodlo-zdjec\/","title":{"rendered":"\u0179r\u00f3d\u0142o zdj\u0119\u0107"},"content":{"rendered":"\n\t<div id=\"gap-1124961964\" class=\"gap-element clearfix\" style=\"display:block; height:auto;\">\n\t\t\n<style>\n#gap-1124961964 {\n  padding-top: 4em;\n}\n<\/style>\n\t<\/div>\n\t\n\n<div class=\"row\" style=\"max-width:900px\" id=\"row-296716017\">\n\n\n\t<div id=\"col-2114243176\" class=\"col small-12 large-12\"  >\n\t\t\t\t<div class=\"col-inner\"  >\n\t\t\t\n\t\t\t\n\n<h1>Dedykowane kredyty do zdj\u0119\u0107<\/h1>\n<div class=\"ce_text first block\">\n<p>Odpowiednia, niezbywalna sublicencja zosta\u0142a nabyta dla obraz\u00f3w u\u017cytych na tej stronie.<\/p>\n<\/div>\n\n\t\t<\/div>\n\t\t\t\t\t<\/div>\n\n\t\n\n<\/div>\n<div class=\"row\"  id=\"row-1786381134\">\n\n\n\t<div id=\"col-400964617\" class=\"col medium-4 small-6 large-3\"  >\n\t\t\t\t<div class=\"col-inner\"  >\n\t\t\t\n\t\t\t\n\n\t<div class=\"img has-hover x md-x lg-x y md-y lg-y\" id=\"image_520340525\">\n\t\t<a class=\"\" href=\"https:\/\/stock.adobe.com\/de\/images\/iron-and-steel-industry\/86378724\" target=\"_blank\" rel=\"noopener\" >\t\t\t\t\t\t<div class=\"img-inner dark\" >\n\t\t\t<img loading=\"lazy\" decoding=\"async\" width=\"300\" height=\"200\" src=\"https:\/\/www.rmc-remacon.com\/wp-content\/uploads\/2020\/05\/Fotolia_86378724_XL.jpg\" class=\"attachment-large size-large\" alt=\"\" \/>\t\t\t\t\t\t\n\t\t\t\t\t<\/div>\n\t\t\t\t\t\t<\/a>\t\t\n<style>\n#image_520340525 {\n  width: 100%;\n}\n<\/style>\n\t<\/div>\n\t\n\n<p><span style=\"font-size: 75%;\"><a href=\"https:\/\/stock.adobe.com\/de\/images\/iron-and-steel-industry\/86378724\" target=\"_blank\" rel=\"noopener noreferrer\">#86378724. Przemys\u0142 \u017celazny i stalowy. Od lcrribeiro33@gmail.<\/a><\/span><\/p>\n\n\t\t<\/div>\n\t\t\t\t\t<\/div>\n\n\t\n\n\t<div id=\"col-1008565775\" class=\"col medium-4 small-6 large-3\"  >\n\t\t\t\t<div class=\"col-inner\"  >\n\t\t\t\n\t\t\t\n\n\t<div class=\"img has-hover x md-x lg-x y md-y lg-y\" id=\"image_890727497\">\n\t\t<a class=\"\" href=\"https:\/\/stock.adobe.com\/de\/images\/group-of-business-people-meeting-back-lit-concept\/102381789\" target=\"_blank\" rel=\"noopener\" >\t\t\t\t\t\t<div class=\"img-inner dark\" >\n\t\t\t<img loading=\"lazy\" decoding=\"async\" width=\"300\" height=\"120\" src=\"https:\/\/www.rmc-remacon.com\/wp-content\/uploads\/2020\/05\/Fotolia_102381789_S.jpg\" class=\"attachment-large size-large\" alt=\"\" \/>\t\t\t\t\t\t\n\t\t\t\t\t<\/div>\n\t\t\t\t\t\t<\/a>\t\t\n<style>\n#image_890727497 {\n  width: 100%;\n}\n<\/style>\n\t<\/div>\n\t\n\n<p><span style=\"font-size: 75%;\"><a href=\"https:\/\/stock.adobe.com\/de\/images\/group-of-business-people-meeting-back-lit-concept\/102381789\" target=\"_blank\" rel=\"noopener noreferrer\">#102381789. Grupa ludzi biznesu spotykaj\u0105cych si\u0119 z ty\u0142u.<br>\nZ Rawpixel.com.<\/a><\/span><\/p>\n\n\t\t<\/div>\n\t\t\t\t\t<\/div>\n\n\t\n\n\t<div id=\"col-30693325\" class=\"col medium-4 small-6 large-3\"  >\n\t\t\t\t<div class=\"col-inner\"  >\n\t\t\t\n\t\t\t\n\n\t<div class=\"img has-hover x md-x lg-x y md-y lg-y\" id=\"image_618108201\">\n\t\t<a class=\"\" href=\"https:\/\/stock.adobe.com\/de\/images\/big-size-rebar-used-in-construction-concrete\/106039392\" target=\"_blank\" rel=\"noopener\" >\t\t\t\t\t\t<div class=\"img-inner dark\" >\n\t\t\t<img loading=\"lazy\" decoding=\"async\" width=\"300\" height=\"200\" src=\"https:\/\/www.rmc-remacon.com\/wp-content\/uploads\/2020\/05\/Fotolia_106039392_L.jpg\" class=\"attachment-large size-large\" alt=\"\" \/>\t\t\t\t\t\t\n\t\t\t\t\t<\/div>\n\t\t\t\t\t\t<\/a>\t\t\n<style>\n#image_618108201 {\n  width: 100%;\n}\n<\/style>\n\t<\/div>\n\t\n\n<p><span style=\"font-size: 75%;\"><a href=\"https:\/\/stock.adobe.com\/de\/images\/big-size-rebar-used-in-construction-concrete\/106039392\" target=\"_blank\" rel=\"noopener noreferrer\">#106039392. Du\u017ce pr\u0119ty zbrojeniowe stosowane w betonie konstrukcyjnym. Z Peangdao.<\/a><\/span><\/p>\n\n\t\t<\/div>\n\t\t\t\t\t<\/div>\n\n\t\n\n\t<div id=\"col-38264225\" class=\"col medium-4 small-6 large-3\"  >\n\t\t\t\t<div class=\"col-inner\"  >\n\t\t\t\n\t\t\t\n\n\t<div class=\"img has-hover x md-x lg-x y md-y lg-y\" id=\"image_1629329747\">\n\t\t<a class=\"\" href=\"https:\/\/stock.adobe.com\/de\/images\/bad-sackingen-im-schwarzwald\/108406119\" target=\"_blank\" rel=\"noopener\" >\t\t\t\t\t\t<div class=\"img-inner dark\" >\n\t\t\t<img loading=\"lazy\" decoding=\"async\" width=\"300\" height=\"200\" src=\"https:\/\/www.rmc-remacon.com\/wp-content\/uploads\/2020\/05\/Fotolia_108406119_L.jpg\" class=\"attachment-large size-large\" alt=\"\" \/>\t\t\t\t\t\t\n\t\t\t\t\t<\/div>\n\t\t\t\t\t\t<\/a>\t\t\n<style>\n#image_1629329747 {\n  width: 100%;\n}\n<\/style>\n\t<\/div>\n\t\n\n<p><span style=\"font-size: 75%;\"><a href=\"https:\/\/stock.adobe.com\/de\/images\/bad-sackingen-im-schwarzwald\/108406119\" target=\"_blank\" rel=\"noopener noreferrer\">#108406119. Bad S\u00e4ckingen w Schwarzwaldzie. Manuel Sch\u00f6nfeld.<\/a><\/span><\/p>\n\n\t\t<\/div>\n\t\t\t\t\t<\/div>\n\n\t\n\n\t<div id=\"col-1035980793\" class=\"col medium-4 small-6 large-3\"  >\n\t\t\t\t<div class=\"col-inner\"  >\n\t\t\t\n\t\t\t\n\n\t<div class=\"img has-hover x md-x lg-x y md-y lg-y\" id=\"image_1489816843\">\n\t\t<a class=\"\" href=\"https:\/\/stock.adobe.com\/de\/images\/brandgefahr\/39856535\" target=\"_blank\" rel=\"noopener\" >\t\t\t\t\t\t<div class=\"img-inner dark\" >\n\t\t\t<img loading=\"lazy\" decoding=\"async\" width=\"300\" height=\"167\" src=\"https:\/\/www.rmc-remacon.com\/wp-content\/uploads\/2020\/05\/Fotolia_39856535.jpg\" class=\"attachment-large size-large\" alt=\"\" \/>\t\t\t\t\t\t\n\t\t\t\t\t<\/div>\n\t\t\t\t\t\t<\/a>\t\t\n<style>\n#image_1489816843 {\n  width: 100%;\n}\n<\/style>\n\t<\/div>\n\t\n\n<p><span style=\"font-size: 75%;\"><a href=\"https:\/\/stock.adobe.com\/de\/images\/brandgefahr\/39856535\" target=\"_blank\" rel=\"noopener noreferrer\">#39856535. Zagro\u017cenie po\u017carem. Z blende11.photo.<\/a><\/span><\/p>\n\n\t\t<\/div>\n\t\t\t\t\t<\/div>\n\n\t\n\n\t<div id=\"col-1725354771\" class=\"col medium-4 small-6 large-3\"  >\n\t\t\t\t<div class=\"col-inner\"  >\n\t\t\t\n\t\t\t\n\n\t<div class=\"img has-hover x md-x lg-x y md-y lg-y\" id=\"image_955415957\">\n\t\t<a class=\"\" href=\"https:\/\/stock.adobe.com\/de\/images\/car\/65805637\" target=\"_blank\" rel=\"noopener\" >\t\t\t\t\t\t<div class=\"img-inner dark\" >\n\t\t\t<img loading=\"lazy\" decoding=\"async\" width=\"300\" height=\"200\" src=\"https:\/\/www.rmc-remacon.com\/wp-content\/uploads\/2020\/05\/Fotolia_65805637.jpg\" class=\"attachment-large size-large\" alt=\"\" \/>\t\t\t\t\t\t\n\t\t\t\t\t<\/div>\n\t\t\t\t\t\t<\/a>\t\t\n<style>\n#image_955415957 {\n  width: 100%;\n}\n<\/style>\n\t<\/div>\n\t\n\n<p><span style=\"font-size: 75%;\"><a href=\"https:\/\/stock.adobe.com\/de\/images\/car\/65805637\" target=\"_blank\" rel=\"noopener noreferrer\">#65805637. samoch\u00f3d. Od magdal3na.<\/a><\/span><\/p>\n\n\t\t<\/div>\n\t\t\t\t\t<\/div>\n\n\t\n\n\t<div id=\"col-1164577236\" class=\"col medium-4 small-6 large-3\"  >\n\t\t\t\t<div class=\"col-inner\"  >\n\t\t\t\n\t\t\t\n\n\t<div class=\"img has-hover x md-x lg-x y md-y lg-y\" id=\"image_26196828\">\n\t\t<a class=\"\" href=\"https:\/\/stock.adobe.com\/de\/images\/aerial-drone-panoramic-ultra-wide-photo-of-industrial-container-tanker-ship-cruising-in-open-ocean-deep-blue-sea\/306752975\" target=\"_blank\" rel=\"noopener\" >\t\t\t\t\t\t<div class=\"img-inner dark\" >\n\t\t\t<img loading=\"lazy\" decoding=\"async\" width=\"300\" height=\"106\" src=\"https:\/\/www.rmc-remacon.com\/wp-content\/uploads\/2020\/05\/AdobeStock_306752975.jpg\" class=\"attachment-large size-large\" alt=\"\" \/>\t\t\t\t\t\t\n\t\t\t\t\t<\/div>\n\t\t\t\t\t\t<\/a>\t\t\n<style>\n#image_26196828 {\n  width: 100%;\n}\n<\/style>\n\t<\/div>\n\t\n\n<p><span style=\"font-size: 75%;\"><a href=\"https:\/\/stock.adobe.com\/de\/images\/aerial-drone-panoramic-ultra-wide-photo-of-industrial-container-tanker-ship-cruising-in-open-ocean-deep-blue-sea\/306752975\" target=\"_blank\" rel=\"noopener noreferrer\">#306752975. Panoramiczne zdj\u0119cie z drona przedstawiaj\u0105ce przemys\u0142owy kontenerowiec p\u0142ywaj\u0105cy po otwartym oceanie w g\u0142\u0119bokim b\u0142\u0119kitnym morzu. Z drona powietrznego.<\/a><\/span><\/p>\n\n\t\t<\/div>\n\t\t\t\t\t<\/div>\n\n\t\n\n\t<div id=\"col-307590518\" class=\"col medium-4 small-6 large-3\"  >\n\t\t\t\t<div class=\"col-inner\"  >\n\t\t\t\n\t\t\t\n\n\t<div class=\"img has-hover x md-x lg-x y md-y lg-y\" id=\"image_1595923653\">\n\t\t<a class=\"\" href=\"https:\/\/stock.adobe.com\/de\/images\/airplane\/150585380\" target=\"_blank\" rel=\"noopener\" >\t\t\t\t\t\t<div class=\"img-inner dark\" >\n\t\t\t<img loading=\"lazy\" decoding=\"async\" width=\"300\" height=\"148\" src=\"https:\/\/www.rmc-remacon.com\/wp-content\/uploads\/2020\/05\/AdobeStock_-150585380.jpg\" class=\"attachment-large size-large\" alt=\"\" \/>\t\t\t\t\t\t\n\t\t\t\t\t<\/div>\n\t\t\t\t\t\t<\/a>\t\t\n<style>\n#image_1595923653 {\n  width: 100%;\n}\n<\/style>\n\t<\/div>\n\t\n\n<p><span style=\"font-size: 75%;\"><a href=\"https:\/\/stock.adobe.com\/de\/images\/airplane\/150585380\" target=\"_blank\" rel=\"noopener noreferrer\">#150585380. samolot. Autor: Frank Peters.<\/a><\/span><\/p>\n\n\t\t<\/div>\n\t\t\t\t\t<\/div>\n\n\t\n\n\t<div id=\"col-475995471\" class=\"col medium-4 small-6 large-3\"  >\n\t\t\t\t<div class=\"col-inner\"  >\n\t\t\t\n\t\t\t\n\n\t<div class=\"img has-hover x md-x lg-x y md-y lg-y\" id=\"image_1288171770\">\n\t\t<a class=\"\" href=\"https:\/\/stock.adobe.com\/de\/images\/hochofen-im-stahlwerk-furnace-at-steelworks\/36410281\" target=\"_blank\" rel=\"noopener\" >\t\t\t\t\t\t<div class=\"img-inner dark\" >\n\t\t\t<img loading=\"lazy\" decoding=\"async\" width=\"300\" height=\"185\" src=\"https:\/\/www.rmc-remacon.com\/wp-content\/uploads\/2020\/05\/AdobeStock_-36410281.jpg\" class=\"attachment-large size-large\" alt=\"\" \/>\t\t\t\t\t\t\n\t\t\t\t\t<\/div>\n\t\t\t\t\t\t<\/a>\t\t\n<style>\n#image_1288171770 {\n  width: 100%;\n}\n<\/style>\n\t<\/div>\n\t\n\n<p><span style=\"font-size: 75%;\"><a href=\"https:\/\/stock.adobe.com\/de\/images\/hochofen-im-stahlwerk-furnace-at-steelworks\/36410281\" target=\"_blank\" rel=\"noopener noreferrer\">#36410281. Wielki piec w hucie \/\/ piec w hucie. Od industrieblick.<\/a><\/span><\/p>\n\n\t\t<\/div>\n\t\t\t\t\t<\/div>\n\n\t\n\n<\/div>\n\n","protected":false},"excerpt":{"rendered":"","protected":false},"author":8,"featured_media":0,"parent":0,"menu_order":0,"comment_status":"closed","ping_status":"closed","template":"","meta":{"footnotes":""},"class_list":["post-2889","page","type-page","status-publish","hentry"],"yoast_head":"<!-- This site is optimized with the Yoast SEO plugin v27.5 - https:\/\/yoast.com\/product\/yoast-seo-wordpress\/ -->\n<title>\u0179r\u00f3d\u0142o zdj\u0119\u0107 &#8211; RMC Remacon GmbH<\/title>\n<meta name=\"robots\" content=\"index, follow, max-snippet:-1, max-image-preview:large, max-video-preview:-1\" \/>\n<link rel=\"canonical\" href=\"https:\/\/www.rmc-remacon.com\/pl\/zrodlo-zdjec\/\" \/>\n<meta property=\"og:locale\" content=\"pl_PL\" \/>\n<meta property=\"og:type\" content=\"article\" \/>\n<meta property=\"og:title\" content=\"\u0179r\u00f3d\u0142o zdj\u0119\u0107 &#8211; RMC Remacon GmbH\" \/>\n<meta property=\"og:url\" content=\"https:\/\/www.rmc-remacon.com\/pl\/zrodlo-zdjec\/\" \/>\n<meta property=\"og:site_name\" content=\"RMC Remacon GmbH\" \/>\n<meta property=\"article:modified_time\" content=\"2024-04-26T13:31:36+00:00\" \/>\n<meta name=\"twitter:card\" content=\"summary_large_image\" \/>\n<meta name=\"twitter:label1\" content=\"Szacowany czas czytania\" \/>\n\t<meta name=\"twitter:data1\" content=\"2 minuty\" \/>\n<script type=\"application\/ld+json\" class=\"yoast-schema-graph\">{\"@context\":\"https:\\\/\\\/schema.org\",\"@graph\":[{\"@type\":\"WebPage\",\"@id\":\"https:\\\/\\\/www.rmc-remacon.com\\\/pl\\\/zrodlo-zdjec\\\/\",\"url\":\"https:\\\/\\\/www.rmc-remacon.com\\\/pl\\\/zrodlo-zdjec\\\/\",\"name\":\"\u0179r\u00f3d\u0142o zdj\u0119\u0107 &#8211; RMC Remacon GmbH\",\"isPartOf\":{\"@id\":\"https:\\\/\\\/www.rmc-remacon.com\\\/pl\\\/#website\"},\"datePublished\":\"2024-04-26T13:31:35+00:00\",\"dateModified\":\"2024-04-26T13:31:36+00:00\",\"breadcrumb\":{\"@id\":\"https:\\\/\\\/www.rmc-remacon.com\\\/pl\\\/zrodlo-zdjec\\\/#breadcrumb\"},\"inLanguage\":\"pl-PL\",\"potentialAction\":[{\"@type\":\"ReadAction\",\"target\":[\"https:\\\/\\\/www.rmc-remacon.com\\\/pl\\\/zrodlo-zdjec\\\/\"]}]},{\"@type\":\"BreadcrumbList\",\"@id\":\"https:\\\/\\\/www.rmc-remacon.com\\\/pl\\\/zrodlo-zdjec\\\/#breadcrumb\",\"itemListElement\":[{\"@type\":\"ListItem\",\"position\":1,\"name\":\"Home\",\"item\":\"https:\\\/\\\/www.rmc-remacon.com\\\/pl\\\/\"},{\"@type\":\"ListItem\",\"position\":2,\"name\":\"\u0179r\u00f3d\u0142o zdj\u0119\u0107\"}]},{\"@type\":\"WebSite\",\"@id\":\"https:\\\/\\\/www.rmc-remacon.com\\\/pl\\\/#website\",\"url\":\"https:\\\/\\\/www.rmc-remacon.com\\\/pl\\\/\",\"name\":\"RMC Remacon GmbH\",\"description\":\"RMC Remacon\",\"potentialAction\":[{\"@type\":\"SearchAction\",\"target\":{\"@type\":\"EntryPoint\",\"urlTemplate\":\"https:\\\/\\\/www.rmc-remacon.com\\\/pl\\\/?s={search_term_string}\"},\"query-input\":{\"@type\":\"PropertyValueSpecification\",\"valueRequired\":true,\"valueName\":\"search_term_string\"}}],\"inLanguage\":\"pl-PL\"}]}<\/script>\n<!-- \/ Yoast SEO plugin. -->","yoast_head_json":{"title":"\u0179r\u00f3d\u0142o zdj\u0119\u0107 &#8211; RMC Remacon GmbH","robots":{"index":"index","follow":"follow","max-snippet":"max-snippet:-1","max-image-preview":"max-image-preview:large","max-video-preview":"max-video-preview:-1"},"canonical":"https:\/\/www.rmc-remacon.com\/pl\/zrodlo-zdjec\/","og_locale":"pl_PL","og_type":"article","og_title":"\u0179r\u00f3d\u0142o zdj\u0119\u0107 &#8211; RMC Remacon GmbH","og_url":"https:\/\/www.rmc-remacon.com\/pl\/zrodlo-zdjec\/","og_site_name":"RMC Remacon GmbH","article_modified_time":"2024-04-26T13:31:36+00:00","twitter_card":"summary_large_image","twitter_misc":{"Szacowany czas czytania":"2 minuty"},"schema":{"@context":"https:\/\/schema.org","@graph":[{"@type":"WebPage","@id":"https:\/\/www.rmc-remacon.com\/pl\/zrodlo-zdjec\/","url":"https:\/\/www.rmc-remacon.com\/pl\/zrodlo-zdjec\/","name":"\u0179r\u00f3d\u0142o zdj\u0119\u0107 &#8211; RMC Remacon GmbH","isPartOf":{"@id":"https:\/\/www.rmc-remacon.com\/pl\/#website"},"datePublished":"2024-04-26T13:31:35+00:00","dateModified":"2024-04-26T13:31:36+00:00","breadcrumb":{"@id":"https:\/\/www.rmc-remacon.com\/pl\/zrodlo-zdjec\/#breadcrumb"},"inLanguage":"pl-PL","potentialAction":[{"@type":"ReadAction","target":["https:\/\/www.rmc-remacon.com\/pl\/zrodlo-zdjec\/"]}]},{"@type":"BreadcrumbList","@id":"https:\/\/www.rmc-remacon.com\/pl\/zrodlo-zdjec\/#breadcrumb","itemListElement":[{"@type":"ListItem","position":1,"name":"Home","item":"https:\/\/www.rmc-remacon.com\/pl\/"},{"@type":"ListItem","position":2,"name":"\u0179r\u00f3d\u0142o zdj\u0119\u0107"}]},{"@type":"WebSite","@id":"https:\/\/www.rmc-remacon.com\/pl\/#website","url":"https:\/\/www.rmc-remacon.com\/pl\/","name":"RMC Remacon GmbH","description":"RMC Remacon","potentialAction":[{"@type":"SearchAction","target":{"@type":"EntryPoint","urlTemplate":"https:\/\/www.rmc-remacon.com\/pl\/?s={search_term_string}"},"query-input":{"@type":"PropertyValueSpecification","valueRequired":true,"valueName":"search_term_string"}}],"inLanguage":"pl-PL"}]}},"_links":{"self":[{"href":"https:\/\/www.rmc-remacon.com\/pl\/wp-json\/wp\/v2\/pages\/2889","targetHints":{"allow":["GET"]}}],"collection":[{"href":"https:\/\/www.rmc-remacon.com\/pl\/wp-json\/wp\/v2\/pages"}],"about":[{"href":"https:\/\/www.rmc-remacon.com\/pl\/wp-json\/wp\/v2\/types\/page"}],"author":[{"embeddable":true,"href":"https:\/\/www.rmc-remacon.com\/pl\/wp-json\/wp\/v2\/users\/8"}],"replies":[{"embeddable":true,"href":"https:\/\/www.rmc-remacon.com\/pl\/wp-json\/wp\/v2\/comments?post=2889"}],"version-history":[{"count":1,"href":"https:\/\/www.rmc-remacon.com\/pl\/wp-json\/wp\/v2\/pages\/2889\/revisions"}],"predecessor-version":[{"id":2892,"href":"https:\/\/www.rmc-remacon.com\/pl\/wp-json\/wp\/v2\/pages\/2889\/revisions\/2892"}],"wp:attachment":[{"href":"https:\/\/www.rmc-remacon.com\/pl\/wp-json\/wp\/v2\/media?parent=2889"}],"curies":[{"name":"wp","href":"https:\/\/api.w.org\/{rel}","templated":true}]}}