{"id":2896,"date":"2024-04-26T15:31:36","date_gmt":"2024-04-26T13:31:36","guid":{"rendered":"https:\/\/www.rmc-remacon.com\/inne-produkty\/"},"modified":"2024-04-26T15:31:37","modified_gmt":"2024-04-26T13:31:37","slug":"inne-produkty","status":"publish","type":"page","link":"https:\/\/www.rmc-remacon.com\/pl\/inne-produkty\/","title":{"rendered":"Inne produkty"},"content":{"rendered":"\n\n  <div class=\"banner has-hover has-video\" id=\"banner-138956201\">\n          <div class=\"banner-inner fill\">\n        <div class=\"banner-bg fill\" >\n                        \t<div class=\"video-overlay no-click fill visible\"><\/div>\n\t<video class=\"video-bg fill visible\" preload playsinline autoplay muted loop>\n\t\t<source src=\"\/wp-content\/uploads\/2020\/05\/rmc-remacon-sonstige-produkte.mp4\" type=\"video\/mp4\">\t<\/video>\n                        \n                    <\/div>\n\t\t\n        <div class=\"banner-layers container\">\n            <div class=\"fill banner-link\"><\/div>            \n\n   <div id=\"text-box-1225038404\" class=\"text-box banner-layer x50 md-x50 lg-x50 y50 md-y50 lg-y50 res-text\">\n                     <div data-animate=\"fadeInDown\">           <div class=\"text-box-content text dark\">\n              \n              <div class=\"text-inner text-right\">\n                  \n\n<h1>W\u0119gle techniczne<\/h1>\n<h2>Du\u017ca r\u00f3\u017cnorodno\u015b\u0107 innowacji&nbsp;<\/h2>\n<a data-animate=\"fadeInUp\" href=\"#start\" class=\"button primary\"  >\n\t\t<span>Info<\/span>\n\t<i class=\"icon-angle-down\" aria-hidden=\"true\" ><\/i><\/a>\n\n\n<a data-animate=\"fadeInUp\" href=\"#kontakt\" class=\"button primary\"  >\n\t\t<span>Doradztwo<\/span>\n\t<i class=\"icon-angle-down\" aria-hidden=\"true\" ><\/i><\/a>\n\n\n\n              <\/div>\n           <\/div>\n       <\/div>                     \n<style>\n#text-box-1225038404 {\n  width: 90%;\n}\n#text-box-1225038404 .text-box-content {\n  font-size: 100%;\n}\n@media (min-width:550px) {\n  #text-box-1225038404 {\n    width: 80%;\n  }\n}\n<\/style>\n    <\/div>\n \n\n        <\/div>\n      <\/div>\n\n            \n<style>\n#banner-138956201 {\n  padding-top: 150vw;\n}\n@media (min-width:550px) {\n  #banner-138956201 {\n    padding-top: 56.25%;\n  }\n}\n<\/style>\n  <\/div>\n\n\n<span class=\"scroll-to\" data-label=\"Scroll to: #start\" data-bullet=\"false\" data-link=\"#start\" data-title=\"Start\" ><a name=\"start\"><\/a><\/span>\n\n\t<div id=\"gap-2131245699\" class=\"gap-element clearfix\" style=\"display:block; height:auto;\">\n\t\t\n<style>\n#gap-2131245699 {\n  padding-top: 4em;\n}\n<\/style>\n\t<\/div>\n\t\n\n\n\t<section class=\"section\" id=\"section_157437782\">\n\t\t<div class=\"section-bg fill\" >\n\t\t\t\t\t\t\t\t\t\n\t\t\t\n\n\t\t<\/div>\n\n\t\t\n\n\t\t<div class=\"section-content relative\">\n\t\t\t\n\n<div class=\"row align-middle align-center\" style=\"max-width:900px\" id=\"row-896189642\">\n\n\n\t<div id=\"col-1974716625\" class=\"col medium-9 large-9\"  data-animate=\"fadeInUp\">\n\t\t\t\t<div class=\"col-inner text-center\"  >\n\t\t\t\n\t\t\t\n\n<h2>R\u00f3\u017cnorodno\u015b\u0107&nbsp;&#8230;<\/h2>\n<p>&#8230; w\u0119gli technicznych oferowanych przez RMC Remacon znajduje odzwierciedlenie w szerokim portfolio materia\u0142\u00f3w, kt\u00f3re opr\u00f3cz obszar\u00f3w wymienionych na stronie internetowej, uzupe\u0142niaj\u0105 mi\u0119dzy innymi nast\u0119puj\u0105ce produkty:<\/p>\n\n\t\t<\/div>\n\t\t\t\t\t<\/div>\n\n\t\n\n<\/div>\n\n\t\t<\/div>\n\n\t\t\n<style>\n#section_157437782 {\n  padding-top: 0px;\n  padding-bottom: 0px;\n}\n<\/style>\n\t<\/section>\n\t\n\t<div id=\"gap-1969669881\" class=\"gap-element clearfix\" style=\"display:block; height:auto;\">\n\t\t\n<style>\n#gap-1969669881 {\n  padding-top: 4em;\n}\n<\/style>\n\t<\/div>\n\t\n\n\n\t<section class=\"section\" id=\"section_1382309567\">\n\t\t<div class=\"section-bg fill\" >\n\t\t\t\t\t\t\t\t\t\n\t\t\t\n\n\t\t<\/div>\n\n\t\t\n\n\t\t<div class=\"section-content relative\">\n\t\t\t\n\n<div class=\"container section-title-container\" ><h2 class=\"section-title section-title-center\"><b><\/b><span class=\"section-title-main\" >Produkty<\/span><b><\/b><\/h2><\/div>\n\n<div class=\"row\" style=\"max-width:900px\" id=\"row-705737124\">\n\n\n\t<div id=\"col-161041629\" class=\"col small-12 large-12\"  >\n\t\t\t\t<div class=\"col-inner\"  >\n\t\t\t\n\t\t\t\n\n<div class=\"accordion\">\n\n\t<div id=\"accordion-3578700805\" class=\"accordion-item\">\n\t\t<a id=\"accordion-3578700805-label\" class=\"accordion-title plain\" href=\"#accordion-item-grafit-amorficzny-i-makrokrystaliczny-grafit-naturalny\" aria-expanded=\"false\" aria-controls=\"accordion-3578700805-content\" >\n\t\t\t<button class=\"toggle\" aria-label=\"Prze\u0142\u0105cznik\"><i class=\"icon-angle-down\"><\/i><\/button>\n\t\t\t<span>Grafit amorficzny i makrokrystaliczny grafit naturalny<\/span>\n\t\t<\/a>\n\t\t<div id=\"accordion-3578700805-content\" class=\"accordion-inner\" aria-labelledby=\"accordion-3578700805-label\" >\n\t\t\t\n\n<p>RMC Remacon oferuje r\u00f3\u017cne gatunki makrokrystalicznego grafitu naturalnego i grafitu amorficznego. Opr\u00f3cz wielko\u015bci ziarna i czysto\u015bci mo\u017cna r\u00f3wnie\u017c okre\u015bli\u0107 pochodzenie materia\u0142u.&nbsp;<\/p>\n\n\t\t<\/div>\n\t<\/div>\n\t\n\t<div id=\"accordion-2185405200\" class=\"accordion-item\">\n\t\t<a id=\"accordion-2185405200-label\" class=\"accordion-title plain\" href=\"#accordion-item-antracyt\" aria-expanded=\"false\" aria-controls=\"accordion-2185405200-content\" >\n\t\t\t<button class=\"toggle\" aria-label=\"Prze\u0142\u0105cznik\"><i class=\"icon-angle-down\"><\/i><\/button>\n\t\t\t<span>Antracyt<\/span>\n\t\t<\/a>\n\t\t<div id=\"accordion-2185405200-content\" class=\"accordion-inner\" aria-labelledby=\"accordion-2185405200-label\" >\n\t\t\t\n\n<p>Oferujemy zar\u00f3wno antracyt kalcynowany gazowo (GCA), jak i elektrycznie (ECA), zgodnie ze specyfikacjami klienta.<\/p>\n\n\t\t<\/div>\n\t<\/div>\n\t\n\t<div id=\"accordion-1219610596\" class=\"accordion-item\">\n\t\t<a id=\"accordion-1219610596-label\" class=\"accordion-title plain\" href=\"#accordion-item-grafit-ekspandowalny-|-arkusze-i-folie-ekspandowalne\" aria-expanded=\"false\" aria-controls=\"accordion-1219610596-content\" >\n\t\t\t<button class=\"toggle\" aria-label=\"Prze\u0142\u0105cznik\"><i class=\"icon-angle-down\"><\/i><\/button>\n\t\t\t<span>Grafit ekspandowalny | arkusze i folie ekspandowalne<\/span>\n\t\t<\/a>\n\t\t<div id=\"accordion-1219610596-content\" class=\"accordion-inner\" aria-labelledby=\"accordion-1219610596-label\" >\n\t\t\t\n\n<p>Opr\u00f3cz grafitu ekspanduj\u0105cego luzem, RMC Remacon oferuje r\u00f3wnie\u017c tzw. chipy z folii ekspanduj\u0105cej. W obszarze cz\u0119\u015bci formowanych z grafitu ekspandowalnego, w naszym portfolio posiadamy komponenty ekspandowalne w postaci arkuszy i folii.<\/p>\n\n\t\t<\/div>\n\t<\/div>\n\t\n\t<div id=\"accordion-1925073030\" class=\"accordion-item\">\n\t\t<a id=\"accordion-1925073030-label\" class=\"accordion-title plain\" href=\"#accordion-item-grafity-syntetyczne\" aria-expanded=\"false\" aria-controls=\"accordion-1925073030-content\" >\n\t\t\t<button class=\"toggle\" aria-label=\"Prze\u0142\u0105cznik\"><i class=\"icon-angle-down\"><\/i><\/button>\n\t\t\t<span>Grafity syntetyczne<\/span>\n\t\t<\/a>\n\t\t<div id=\"accordion-1925073030-content\" class=\"accordion-inner\" aria-labelledby=\"accordion-1925073030-label\" >\n\t\t\t\n\n<p>Opr\u00f3cz naszych mikronizowanych grafit\u00f3w oferujemy r\u00f3wnie\u017c syntetyczne grafity o grubszym uziarnieniu.<\/p>\n\n\t\t<\/div>\n\t<\/div>\n\t\n\t<div id=\"accordion-284434781\" class=\"accordion-item\">\n\t\t<a id=\"accordion-284434781-label\" class=\"accordion-title plain\" href=\"#accordion-item-sadza\" aria-expanded=\"false\" aria-controls=\"accordion-284434781-content\" >\n\t\t\t<button class=\"toggle\" aria-label=\"Prze\u0142\u0105cznik\"><i class=\"icon-angle-down\"><\/i><\/button>\n\t\t\t<span>Sadza<\/span>\n\t\t<\/a>\n\t\t<div id=\"accordion-284434781-content\" class=\"accordion-inner\" aria-labelledby=\"accordion-284434781-label\" >\n\t\t\t\n\n<p>Sadza jest wa\u017cnym surowcem w przemy\u015ble gumowym i farb\/lakier\u00f3w. Porozmawiaj z nami o swoich wymaganiach. Mamy dost\u0119p do szerokiej gamy sadzy.<\/p>\n\n\t\t<\/div>\n\t<\/div>\n\t\n\n<\/div>\n\n\t\t<\/div>\n\t\t\t\t\t<\/div>\n\n\t\n\n<\/div>\n\n\t\t<\/div>\n\n\t\t\n<style>\n#section_1382309567 {\n  padding-top: 0px;\n  padding-bottom: 0px;\n}\n<\/style>\n\t<\/section>\n\t\n\t<div id=\"gap-1855085781\" class=\"gap-element clearfix\" style=\"display:block; height:auto;\">\n\t\t\n<style>\n#gap-1855085781 {\n  padding-top: 4em;\n}\n<\/style>\n\t<\/div>\n\t\n\n\n\t<section class=\"section\" id=\"section_2140639622\">\n\t\t<div class=\"section-bg fill\" >\n\t\t\t\t\t\t\t\t\t\n\t\t\t\n\n\t\t<\/div>\n\n\t\t\n\n\t\t<div class=\"section-content relative\">\n\t\t\t\n\n<div class=\"container section-title-container\" ><h2 class=\"section-title section-title-center\"><b><\/b><span class=\"section-title-main\" >Inne materia\u0142y i rozwi\u0105zania<\/span><b><\/b><\/h2><\/div>\n\n<div class=\"row row-full-width align-middle align-right\"  id=\"row-1565815579\">\n\n\n\t<div id=\"col-942735487\" class=\"col medium-12 small-12 large-6 medium-col-first\"  data-animate=\"fadeInRight\">\n\t\t\t\t<div class=\"col-inner\"  >\n\t\t\t\n\t\t\t\n\n\t<div class=\"img has-hover x md-x lg-x y md-y lg-y\" id=\"image_696892827\">\n\t\t\t\t\t\t\t\t<div class=\"img-inner image-cover dark\" style=\"padding-top:75%;\">\n\t\t\t<img loading=\"lazy\" decoding=\"async\" width=\"1020\" height=\"408\" src=\"https:\/\/www.rmc-remacon.com\/wp-content\/uploads\/2020\/05\/rmc-remacon-Fotolia_102381789_S.jpg\" class=\"attachment-large size-large\" alt=\"\" srcset=\"https:\/\/www.rmc-remacon.com\/wp-content\/uploads\/2020\/05\/rmc-remacon-Fotolia_102381789_S.jpg 1096w, https:\/\/www.rmc-remacon.com\/wp-content\/uploads\/2020\/05\/rmc-remacon-Fotolia_102381789_S-800x320.jpg 800w, https:\/\/www.rmc-remacon.com\/wp-content\/uploads\/2020\/05\/rmc-remacon-Fotolia_102381789_S-768x307.jpg 768w\" sizes=\"auto, (max-width: 1020px) 100vw, 1020px\" \/>\t\t\t\t\t\t\n\t\t\t\t\t<\/div>\n\t\t\t\t\t\t\t\t\n<style>\n#image_696892827 {\n  width: 100%;\n}\n@media (min-width:550px) {\n  #image_696892827 {\n    width: 80%;\n  }\n}\n@media (min-width:850px) {\n  #image_696892827 {\n    width: 100%;\n  }\n}\n<\/style>\n\t<\/div>\n\t\n\n\n\t\t<\/div>\n\t\t\t\t\t<\/div>\n\n\t\n\n\t<div id=\"col-268633339\" class=\"col medium-9 small-12 large-6\"  data-animate=\"fadeInLeft\">\n\t\t\t\t<div class=\"col-inner\"  >\n\t\t\t\n\t\t\t\n\n<div class=\"row\"  id=\"row-741202400\">\n\n\n\t<div id=\"col-1739755917\" class=\"col small-12 large-12\"  >\n\t\t\t\t<div class=\"col-inner\"  >\n\t\t\t\n\t\t\t\n\n<h2>Nie mo\u017cesz znale\u017a\u0107 odpowiedniego rozwi\u0105zania na&nbsp;?<\/h2>\n<p>RMC Remacon spe\u0142nia Twoje potrzeby, dostosowane do indywidualnych potrzeb i na ca\u0142ym \u015bwiecie. Nasza gama produkt\u00f3w obejmuje inne materia\u0142y i specjalne typy, kt\u00f3re mog\u0105 by\u0107 dostosowane do wymaga\u0144 klienta. Prosimy o kontakt.<\/p>\n<a href=\"#kontakt\" class=\"button primary #kontakt\"  >\n\t\t<span>Skontaktuj si\u0119 z nami<\/span>\n\t<i class=\"icon-angle-down\" aria-hidden=\"true\" ><\/i><\/a>\n\n\n\n\t\t<\/div>\n\t\t\t\t\t<\/div>\n\n\t\n\n<\/div>\n\n\t\t<\/div>\n\t\t\t\t\t<\/div>\n\n\t\n\n<\/div>\n\n\t\t<\/div>\n\n\t\t\n<style>\n#section_2140639622 {\n  padding-top: 0px;\n  padding-bottom: 0px;\n}\n<\/style>\n\t<\/section>\n\t\n\t<div id=\"gap-1674188537\" class=\"gap-element clearfix\" style=\"display:block; height:auto;\">\n\t\t\n<style>\n#gap-1674188537 {\n  padding-top: 4em;\n}\n<\/style>\n\t<\/div>\n\t\n\n\n\t<section class=\"section dark\" id=\"section_1840215821\">\n\t\t<div class=\"section-bg fill\" >\n\t\t\t\t\t\t\t\t\t\n\t\t\t\n\n\t\t<\/div>\n\n\t\t\n\n\t\t<div class=\"section-content relative\">\n\t\t\t\n\n<div class=\"row\" style=\"max-width:900px\" id=\"row-1075349919\">\n\n\n\t<div id=\"col-243105075\" class=\"col large-12\"  data-animate=\"fadeInUp\">\n\t\t\t\t<div class=\"col-inner text-center\"  >\n\t\t\t\n\t\t\t\n\n<h2>RMC Remacon<\/h2>\n<p>RMC Remacon z siedzib\u0105 w Bad S\u00e4ckingen nad G\u00f3rnym Renem dostarcza obecnie w\u0119gle techniczne na ca\u0142y \u015bwiat. Naszymi klientami s\u0105 zar\u00f3wno ma\u0142e i \u015brednie firmy, jak i du\u017ce globalne korporacje.<\/p>\n<p>Nasi konsultanci posiadaj\u0105 rozleg\u0142\u0105 wiedz\u0119 na temat mo\u017cliwych zastosowa\u0144 w\u0119gli technicznych. Ch\u0119tnie doradzimy w wyborze najlepszego produktu.<\/p>\n<a href=\"#kontakt\" class=\"button white is-outline\"  >\n\t\t<span>Do kontaktu<\/span>\n\t<i class=\"icon-angle-down\" aria-hidden=\"true\" ><\/i><\/a>\n\n\n\n\t\t<\/div>\n\t\t\t\t\t<\/div>\n\n\t\n\n<\/div>\n\n\t\t<\/div>\n\n\t\t\n<style>\n#section_1840215821 {\n  padding-top: 5vw;\n  padding-bottom: 5vw;\n  background-color: rgb(116, 22, 37);\n}\n<\/style>\n\t<\/section>\n\t\n\t<div id=\"gap-839201810\" class=\"gap-element clearfix\" style=\"display:block; height:auto;\">\n\t\t\n<style>\n#gap-839201810 {\n  padding-top: 4em;\n}\n<\/style>\n\t<\/div>\n\t\n\n<span class=\"scroll-to\" data-label=\"Scroll to: #kontakt\" data-bullet=\"false\" data-link=\"#kontakt\" data-title=\"Change this\" ><a name=\"kontakt\"><\/a><\/span>\r\n\r\n<div class=\"container section-title-container\" style=\"margin-top:4em;\"><h2 class=\"section-title section-title-center\"><b><\/b><span class=\"section-title-main\" >Porady i kontakt<\/span><b><\/b><\/h2><\/div>\r\n\r\n\n\t<section class=\"section\" id=\"section_1490717581\">\n\t\t<div class=\"section-bg fill\" >\n\t\t\t\t\t\t\t\t\t\n\t\t\t\n\n\t\t<\/div>\n\n\t\t\n\n\t\t<div class=\"section-content relative\">\n\t\t\t\r\n\r\n<div class=\"row row-collapse align-middle\" style=\"max-width:1400px\" id=\"row-942256523\">\r\n\r\n\n\t<div id=\"col-252726377\" class=\"col medium-12 small-12 large-6\"  data-animate=\"fadeInDown\">\n\t\t\t\t<div class=\"col-inner text-left dark\" style=\"background-color:#8c182c;\" >\n\t\t\t\n\t\t\t\r\n\r\n<div class=\"row\" style=\"max-width:-107px\" id=\"row-1815043742\">\r\n\r\n\n\t<div id=\"col-795818699\" class=\"col small-12 large-12\"  >\n\t\t\t\t<div class=\"col-inner\"  >\n\t\t\t\n\t\t\t\r\n\r\n<h3>Masz pytania lub potrzebujesz porady?<\/h3>\r\n<p>Zadzwo\u0144 do nas lub napisz, korzystaj\u0105c z naszego formularza kontaktowego.<\/p>\r\n<p><strong>RMC Remacon GmbH<\/strong><br>Hugo-Herrmann-Str. 15  <br>79713 Bad S\u00e4ckingen <br>Niemcy<\/p>\r\n<p><strong>Tel. +49 7761 939 930  <br>E-mail: <a title=\"Skontaktuj si\u0119 z nami\" href=\"mailto:info@rmc-remacon.com\">info@rmc-remacon.com<\/a><\/strong><\/p>\r\n<p> <\/p>\r\n\r\n\t\t<\/div>\n\t\t\t\t\t<\/div>\n\n\t\r\n\r\n<\/div>\r\n\r\n\t\t<\/div>\n\t\t\t\t\n<style>\n#col-252726377 > .col-inner {\n  padding: 15% 5% 15% 5%;\n}\n<\/style>\n\t<\/div>\n\n\t\r\n\n\t<div id=\"col-1595066183\" class=\"col medium-12 small-12 large-6\"  data-animate=\"fadeInUp\">\n\t\t\t\t<div class=\"col-inner\"  >\n\t\t\t\n\t\t\t\r\n\r\n\n  <div class=\"banner has-hover\" id=\"banner-969931776\">\n          <div class=\"banner-inner fill\">\n        <div class=\"banner-bg fill\" >\n                                                \n                    <\/div>\n\t\t\n        <div class=\"banner-layers container\">\n            <div class=\"fill banner-link\"><\/div>            \r\n\r\n   <div id=\"text-box-1078520842\" class=\"text-box banner-layer x50 md-x50 lg-x50 y50 md-y50 lg-y50 res-text\">\n                                <div class=\"text-box-content text \">\n              \n              <div class=\"text-inner text-left\">\n                  \r\n\r\n\n<div class=\"wpcf7 no-js\" id=\"wpcf7-f2922-o1\" lang=\"de-DE\" dir=\"ltr\" data-wpcf7-id=\"2922\">\n<div class=\"screen-reader-response\"><p role=\"status\" aria-live=\"polite\" aria-atomic=\"true\"><\/p> <ul><\/ul><\/div>\n<form action=\"\/pl\/wp-json\/wp\/v2\/pages\/2896#wpcf7-f2922-o1\" method=\"post\" class=\"wpcf7-form init\" aria-label=\"Kontaktformular\" novalidate=\"novalidate\" data-status=\"init\">\n<fieldset class=\"hidden-fields-container\"><input type=\"hidden\" name=\"_wpcf7\" value=\"2922\" \/><input type=\"hidden\" name=\"_wpcf7_version\" value=\"6.1.5\" \/><input type=\"hidden\" name=\"_wpcf7_locale\" value=\"de_DE\" \/><input type=\"hidden\" name=\"_wpcf7_unit_tag\" value=\"wpcf7-f2922-o1\" \/><input type=\"hidden\" name=\"_wpcf7_container_post\" value=\"0\" \/><input type=\"hidden\" name=\"_wpcf7_posted_data_hash\" value=\"\" \/><input type=\"hidden\" name=\"_wpcf7_recaptcha_response\" value=\"\" \/>\n<\/fieldset>\n<p><label>Twoje imi\u0119 (Pole obowi\u0105zkowe)<\/label><br \/>\n<span class=\"wpcf7-form-control-wrap\" data-name=\"your-name\"><input size=\"40\" maxlength=\"400\" class=\"wpcf7-form-control wpcf7-text wpcf7-validates-as-required\" aria-required=\"true\" aria-invalid=\"false\" value=\"\" type=\"text\" name=\"your-name\" \/><\/span>\n<\/p>\n<p><label>Tw\u00f3j adres email (Pole obowi\u0105zkowe)<\/label><br \/>\n<span class=\"wpcf7-form-control-wrap\" data-name=\"your-email\"><input size=\"40\" maxlength=\"400\" class=\"wpcf7-form-control wpcf7-email wpcf7-validates-as-required wpcf7-text wpcf7-validates-as-email\" aria-required=\"true\" aria-invalid=\"false\" value=\"\" type=\"email\" name=\"your-email\" \/><\/span>\n<\/p>\n<p><label>Tw\u00f3j numer telefonu (Pole obowi\u0105zkowe)<\/label><br \/>\n<span class=\"wpcf7-form-control-wrap\" data-name=\"tel-164\"><input size=\"40\" maxlength=\"400\" class=\"wpcf7-form-control wpcf7-tel wpcf7-validates-as-required wpcf7-text wpcf7-validates-as-tel\" aria-required=\"true\" aria-invalid=\"false\" value=\"\" type=\"tel\" name=\"tel-164\" \/><\/span>\n<\/p>\n<p><label>Twoja wiadomo\u015b\u0107<\/label><br \/>\n<span class=\"wpcf7-form-control-wrap\" data-name=\"your-message\"><textarea cols=\"40\" rows=\"10\" maxlength=\"2000\" class=\"wpcf7-form-control wpcf7-textarea\" aria-invalid=\"false\" name=\"your-message\"><\/textarea><\/span>\n<\/p>\n<p><input class=\"wpcf7-form-control wpcf7-submit has-spinner\" type=\"submit\" value=\"Wys\u0142a\u0107\" \/>\n<\/p><div class=\"wpcf7-response-output\" aria-hidden=\"true\"><\/div>\n<\/form>\n<\/div>\n\r\n\r\n\r\n              <\/div>\n           <\/div>\n                            \n<style>\n#text-box-1078520842 {\n  width: 90%;\n}\n#text-box-1078520842 .text-box-content {\n  font-size: 80%;\n}\n@media (min-width:550px) {\n  #text-box-1078520842 {\n    width: 90%;\n  }\n}\n@media (min-width:850px) {\n  #text-box-1078520842 {\n    width: 70%;\n  }\n}\n<\/style>\n    <\/div>\n \r\n\r\n        <\/div>\n      <\/div>\n\n            \n<style>\n#banner-969931776 {\n  padding-top: 600px;\n  background-color: rgb(255,255,255);\n}\n@media (min-width:850px) {\n  #banner-969931776 {\n    padding-top: 500px;\n  }\n}\n<\/style>\n  <\/div>\n\n\r\n\r\n\t\t<\/div>\n\t\t\t\t\t<\/div>\n\n\t\r\n\r\n<\/div>\r\n\r\n\t\t<\/div>\n\n\t\t\n<style>\n#section_1490717581 {\n  padding-top: 0px;\n  padding-bottom: 0px;\n}\n@media (min-width:550px) {\n  #section_1490717581 {\n    padding-top: 0px;\n    padding-bottom: 0px;\n  }\n}\n<\/style>\n\t<\/section>\n\t\n\n\t<div id=\"gap-1583321358\" class=\"gap-element clearfix\" style=\"display:block; height:auto;\">\n\t\t\n<style>\n#gap-1583321358 {\n  padding-top: 4em;\n}\n<\/style>\n\t<\/div>\n\t\n","protected":false},"excerpt":{"rendered":"","protected":false},"author":6,"featured_media":0,"parent":0,"menu_order":0,"comment_status":"closed","ping_status":"closed","template":"","meta":{"footnotes":""},"class_list":["post-2896","page","type-page","status-publish","hentry"],"yoast_head":"<!-- This site is optimized with the Yoast SEO plugin v27.5 - https:\/\/yoast.com\/product\/yoast-seo-wordpress\/ -->\n<title>Wszechstronne w\u0119gle techniczne - grafity od RMC Remacon GmbH<\/title>\n<meta name=\"description\" content=\"Grafit amorficzny i makrokrystaliczny grafit naturalny, antracyt, grafit ekspandowalny, arkusze i folie ekspandowalne, grafity syntetyczne i przemys\u0142owe sadze.\" \/>\n<meta name=\"robots\" content=\"index, follow, max-snippet:-1, max-image-preview:large, max-video-preview:-1\" \/>\n<link rel=\"canonical\" href=\"https:\/\/www.rmc-remacon.com\/pl\/inne-produkty\/\" \/>\n<meta property=\"og:locale\" content=\"pl_PL\" \/>\n<meta property=\"og:type\" content=\"article\" \/>\n<meta property=\"og:title\" content=\"Wszechstronne w\u0119gle techniczne - grafity od RMC Remacon GmbH\" \/>\n<meta property=\"og:description\" content=\"Grafit amorficzny i makrokrystaliczny grafit naturalny, antracyt, grafit ekspandowalny, arkusze i folie ekspandowalne, grafity syntetyczne i przemys\u0142owe sadze.\" \/>\n<meta property=\"og:url\" content=\"https:\/\/www.rmc-remacon.com\/pl\/inne-produkty\/\" \/>\n<meta property=\"og:site_name\" content=\"RMC Remacon GmbH\" \/>\n<meta property=\"article:modified_time\" content=\"2024-04-26T13:31:37+00:00\" \/>\n<meta name=\"twitter:card\" content=\"summary_large_image\" \/>\n<meta name=\"twitter:label1\" content=\"Szacowany czas czytania\" \/>\n\t<meta name=\"twitter:data1\" content=\"3 minuty\" \/>\n<script type=\"application\/ld+json\" class=\"yoast-schema-graph\">{\"@context\":\"https:\\\/\\\/schema.org\",\"@graph\":[{\"@type\":\"WebPage\",\"@id\":\"https:\\\/\\\/www.rmc-remacon.com\\\/pl\\\/inne-produkty\\\/\",\"url\":\"https:\\\/\\\/www.rmc-remacon.com\\\/pl\\\/inne-produkty\\\/\",\"name\":\"Wszechstronne w\u0119gle techniczne - grafity od RMC Remacon GmbH\",\"isPartOf\":{\"@id\":\"https:\\\/\\\/www.rmc-remacon.com\\\/pl\\\/#website\"},\"datePublished\":\"2024-04-26T13:31:36+00:00\",\"dateModified\":\"2024-04-26T13:31:37+00:00\",\"description\":\"Grafit amorficzny i makrokrystaliczny grafit naturalny, antracyt, grafit ekspandowalny, arkusze i folie ekspandowalne, grafity syntetyczne i przemys\u0142owe sadze.\",\"breadcrumb\":{\"@id\":\"https:\\\/\\\/www.rmc-remacon.com\\\/pl\\\/inne-produkty\\\/#breadcrumb\"},\"inLanguage\":\"pl-PL\",\"potentialAction\":[{\"@type\":\"ReadAction\",\"target\":[\"https:\\\/\\\/www.rmc-remacon.com\\\/pl\\\/inne-produkty\\\/\"]}]},{\"@type\":\"BreadcrumbList\",\"@id\":\"https:\\\/\\\/www.rmc-remacon.com\\\/pl\\\/inne-produkty\\\/#breadcrumb\",\"itemListElement\":[{\"@type\":\"ListItem\",\"position\":1,\"name\":\"Home\",\"item\":\"https:\\\/\\\/www.rmc-remacon.com\\\/pl\\\/\"},{\"@type\":\"ListItem\",\"position\":2,\"name\":\"Inne produkty\"}]},{\"@type\":\"WebSite\",\"@id\":\"https:\\\/\\\/www.rmc-remacon.com\\\/pl\\\/#website\",\"url\":\"https:\\\/\\\/www.rmc-remacon.com\\\/pl\\\/\",\"name\":\"RMC Remacon GmbH\",\"description\":\"RMC Remacon\",\"potentialAction\":[{\"@type\":\"SearchAction\",\"target\":{\"@type\":\"EntryPoint\",\"urlTemplate\":\"https:\\\/\\\/www.rmc-remacon.com\\\/pl\\\/?s={search_term_string}\"},\"query-input\":{\"@type\":\"PropertyValueSpecification\",\"valueRequired\":true,\"valueName\":\"search_term_string\"}}],\"inLanguage\":\"pl-PL\"}]}<\/script>\n<!-- \/ Yoast SEO plugin. -->","yoast_head_json":{"title":"Wszechstronne w\u0119gle techniczne - grafity od RMC Remacon GmbH","description":"Grafit amorficzny i makrokrystaliczny grafit naturalny, antracyt, grafit ekspandowalny, arkusze i folie ekspandowalne, grafity syntetyczne i przemys\u0142owe sadze.","robots":{"index":"index","follow":"follow","max-snippet":"max-snippet:-1","max-image-preview":"max-image-preview:large","max-video-preview":"max-video-preview:-1"},"canonical":"https:\/\/www.rmc-remacon.com\/pl\/inne-produkty\/","og_locale":"pl_PL","og_type":"article","og_title":"Wszechstronne w\u0119gle techniczne - grafity od RMC Remacon GmbH","og_description":"Grafit amorficzny i makrokrystaliczny grafit naturalny, antracyt, grafit ekspandowalny, arkusze i folie ekspandowalne, grafity syntetyczne i przemys\u0142owe sadze.","og_url":"https:\/\/www.rmc-remacon.com\/pl\/inne-produkty\/","og_site_name":"RMC Remacon GmbH","article_modified_time":"2024-04-26T13:31:37+00:00","twitter_card":"summary_large_image","twitter_misc":{"Szacowany czas czytania":"3 minuty"},"schema":{"@context":"https:\/\/schema.org","@graph":[{"@type":"WebPage","@id":"https:\/\/www.rmc-remacon.com\/pl\/inne-produkty\/","url":"https:\/\/www.rmc-remacon.com\/pl\/inne-produkty\/","name":"Wszechstronne w\u0119gle techniczne - grafity od RMC Remacon GmbH","isPartOf":{"@id":"https:\/\/www.rmc-remacon.com\/pl\/#website"},"datePublished":"2024-04-26T13:31:36+00:00","dateModified":"2024-04-26T13:31:37+00:00","description":"Grafit amorficzny i makrokrystaliczny grafit naturalny, antracyt, grafit ekspandowalny, arkusze i folie ekspandowalne, grafity syntetyczne i przemys\u0142owe sadze.","breadcrumb":{"@id":"https:\/\/www.rmc-remacon.com\/pl\/inne-produkty\/#breadcrumb"},"inLanguage":"pl-PL","potentialAction":[{"@type":"ReadAction","target":["https:\/\/www.rmc-remacon.com\/pl\/inne-produkty\/"]}]},{"@type":"BreadcrumbList","@id":"https:\/\/www.rmc-remacon.com\/pl\/inne-produkty\/#breadcrumb","itemListElement":[{"@type":"ListItem","position":1,"name":"Home","item":"https:\/\/www.rmc-remacon.com\/pl\/"},{"@type":"ListItem","position":2,"name":"Inne produkty"}]},{"@type":"WebSite","@id":"https:\/\/www.rmc-remacon.com\/pl\/#website","url":"https:\/\/www.rmc-remacon.com\/pl\/","name":"RMC Remacon GmbH","description":"RMC Remacon","potentialAction":[{"@type":"SearchAction","target":{"@type":"EntryPoint","urlTemplate":"https:\/\/www.rmc-remacon.com\/pl\/?s={search_term_string}"},"query-input":{"@type":"PropertyValueSpecification","valueRequired":true,"valueName":"search_term_string"}}],"inLanguage":"pl-PL"}]}},"_links":{"self":[{"href":"https:\/\/www.rmc-remacon.com\/pl\/wp-json\/wp\/v2\/pages\/2896","targetHints":{"allow":["GET"]}}],"collection":[{"href":"https:\/\/www.rmc-remacon.com\/pl\/wp-json\/wp\/v2\/pages"}],"about":[{"href":"https:\/\/www.rmc-remacon.com\/pl\/wp-json\/wp\/v2\/types\/page"}],"author":[{"embeddable":true,"href":"https:\/\/www.rmc-remacon.com\/pl\/wp-json\/wp\/v2\/users\/6"}],"replies":[{"embeddable":true,"href":"https:\/\/www.rmc-remacon.com\/pl\/wp-json\/wp\/v2\/comments?post=2896"}],"version-history":[{"count":1,"href":"https:\/\/www.rmc-remacon.com\/pl\/wp-json\/wp\/v2\/pages\/2896\/revisions"}],"predecessor-version":[{"id":2897,"href":"https:\/\/www.rmc-remacon.com\/pl\/wp-json\/wp\/v2\/pages\/2896\/revisions\/2897"}],"wp:attachment":[{"href":"https:\/\/www.rmc-remacon.com\/pl\/wp-json\/wp\/v2\/media?parent=2896"}],"curies":[{"name":"wp","href":"https:\/\/api.w.org\/{rel}","templated":true}]}}